{"id":6841,"date":"2014-09-14T10:07:22","date_gmt":"2014-09-14T08:07:22","guid":{"rendered":"http:\/\/www.option-culture.com\/?page_id=6841"},"modified":"2014-09-14T10:14:03","modified_gmt":"2014-09-14T08:14:03","slug":"frequentation-des-musees-des-monuments-nationaux-et-des-archives","status":"publish","type":"page","link":"https:\/\/www.option-culture.com\/?page_id=6841","title":{"rendered":"Fr\u00e9quentation des mus\u00e9es, des monuments nationaux et des archives"},"content":{"rendered":"<h1>PatrimoStat<\/h1>\n<div class=\"story\">\n<p class=\"excerpt\"><span style=\"color: #000080;\"><strong>Fr\u00e9quentation annuelle des mus\u00e9es de France, des monuments nationaux et des archives de France<\/strong><\/span><\/p>\n<blockquote>\n<p class=\"excerpt\">Depuis la cr\u00e9ation de la Direction G\u00e9n\u00e9rale des Patrimoines en janvier 2010, le d\u00e9partement de la politique des publics assure un r\u00f4le transversal dans le suivi de la fr\u00e9quentation des mus\u00e9es, des monuments nationaux, des archives nationales et d\u00e9partementales, ainsi que des Villes et Pays d\u2019Art et d\u2019Histoire.<\/p>\n<p class=\"excerpt\">Cet \u00e9largissement des comp\u00e9tences a conduit \u00e0 attribuer le nom de <span style=\"color: #000080;\"><strong>PATRIMOSTAT<\/strong><\/span> au rapport annuel de ce nouvel observatoire des publics des patrimoines.<\/p>\n<\/blockquote>\n<p class=\"excerpt\"><a href=\"http:\/\/www.culturecommunication.gouv.fr\/Politiques-ministerielles\/Connaissances-des-patrimoines-et-de-l-architecture\/Connaissance-des-publics\/Publics-et-patrimoines\/PatrimoStat\/Patrimostat-2011\" target=\"_blank\">T\u00e9l\u00e9charger <\/a>le document.<\/p>\n<\/div>\n","protected":false},"excerpt":{"rendered":"<p>PatrimoStat Fr\u00e9quentation annuelle des mus\u00e9es de France, des monuments nationaux et des archives de France Depuis la cr\u00e9ation de la Direction G\u00e9n\u00e9rale des Patrimoines en janvier 2010, le d\u00e9partement de la politique des publics assure un r\u00f4le transversal dans le suivi de la fr\u00e9quentation des mus\u00e9es, des monuments nationaux, des archives nationales et d\u00e9partementales, ainsi [&hellip;]<\/p>\n","protected":false},"author":2,"featured_media":0,"parent":6789,"menu_order":5,"comment_status":"open","ping_status":"closed","template":"","meta":{"footnotes":""},"class_list":["post-6841","page","type-page","status-publish","hentry"],"_links":{"self":[{"href":"https:\/\/www.option-culture.com\/index.php?rest_route=\/wp\/v2\/pages\/6841","targetHints":{"allow":["GET"]}}],"collection":[{"href":"https:\/\/www.option-culture.com\/index.php?rest_route=\/wp\/v2\/pages"}],"about":[{"href":"https:\/\/www.option-culture.com\/index.php?rest_route=\/wp\/v2\/types\/page"}],"author":[{"embeddable":true,"href":"https:\/\/www.option-culture.com\/index.php?rest_route=\/wp\/v2\/users\/2"}],"replies":[{"embeddable":true,"href":"https:\/\/www.option-culture.com\/index.php?rest_route=%2Fwp%2Fv2%2Fcomments&post=6841"}],"version-history":[{"count":4,"href":"https:\/\/www.option-culture.com\/index.php?rest_route=\/wp\/v2\/pages\/6841\/revisions"}],"predecessor-version":[{"id":6847,"href":"https:\/\/www.option-culture.com\/index.php?rest_route=\/wp\/v2\/pages\/6841\/revisions\/6847"}],"up":[{"embeddable":true,"href":"https:\/\/www.option-culture.com\/index.php?rest_route=\/wp\/v2\/pages\/6789"}],"wp:attachment":[{"href":"https:\/\/www.option-culture.com\/index.php?rest_route=%2Fwp%2Fv2%2Fmedia&parent=6841"}],"curies":[{"name":"wp","href":"https:\/\/api.w.org\/{rel}","templated":true}]}}