{"id":6833,"date":"2014-09-13T19:27:51","date_gmt":"2014-09-13T17:27:51","guid":{"rendered":"http:\/\/www.option-culture.com\/?page_id=6833"},"modified":"2014-09-13T19:29:20","modified_gmt":"2014-09-13T17:29:20","slug":"la-longue-traine","status":"publish","type":"page","link":"https:\/\/www.option-culture.com\/?page_id=6833","title":{"rendered":"La longue tra\u00eene"},"content":{"rendered":"<h1 class=\"page-title entry-title\"><a href=\"https:\/\/www.option-culture.com\/?page_id=6812\">Le ph\u00e9nom\u00e8ne de la \u00ab\u00a0longue tra\u00eene\u00a0\u00bb<\/a><\/h1>\n<div class=\"entry-content\">\n<p>\u00ab\u00a0<span style=\"color: #000080;\"><strong>Longue tra\u00eene : levier num\u00e9rique de la diversit\u00e9 culturelle ?<\/strong><\/span> \u00bb<\/p>\n<p>Pierre-Jean Benghozi et Fran\u00e7oise Benhamou<\/p>\n<p><em>Culture prospective<\/em>, 2008.<\/p>\n<blockquote><p>L\u2019ensemble des acteurs culturels, dont l\u2019\u00c9tat, s\u2019interroge sur la port\u00e9e de la r\u00e9volution num\u00e9rique : co\u00fbt de la d\u00e9mat\u00e9rialisation des contenus, modifications de l\u2019acc\u00e8s aux biens culturels, \u00e9volutions des usages culturels.<\/p>\n<p>L\u2019analyse suivante a \u00e9t\u00e9 demand\u00e9e par le Groupe d\u2019analyse strat\u00e9gique des industries culturelles, compos\u00e9 de chefs d\u2019entreprises de tous les secteurs des industries culturelles et de communication, qu\u2019avait cr\u00e9\u00e9 aupr\u00e8s de lui le pr\u00e9c\u00e9dent ministre.<\/p>\n<p>Elle cherche \u00e0 v\u00e9rifier l\u2019hypoth\u00e8se dite de la \u00ab longue tra\u00eene \u00bb au c\u0153ur de nombreux mod\u00e8les \u00e9conomiques num\u00e9riques de la culture, mais aussi de politiques de num\u00e9risation de donn\u00e9es publiques culturelles.<\/p><\/blockquote>\n<p><a href=\"http:\/\/www2.culture.gouv.fr\/deps\/fr\/traine.pdf\" target=\"_blank\">T\u00e9l\u00e9charger <\/a>le document.<\/p>\n<\/div>\n","protected":false},"excerpt":{"rendered":"<p>Le ph\u00e9nom\u00e8ne de la \u00ab\u00a0longue tra\u00eene\u00a0\u00bb \u00ab\u00a0Longue tra\u00eene : levier num\u00e9rique de la diversit\u00e9 culturelle ? \u00bb Pierre-Jean Benghozi et Fran\u00e7oise Benhamou Culture prospective, 2008. L\u2019ensemble des acteurs culturels, dont l\u2019\u00c9tat, s\u2019interroge sur la port\u00e9e de la r\u00e9volution num\u00e9rique : co\u00fbt de la d\u00e9mat\u00e9rialisation des contenus, modifications de l\u2019acc\u00e8s aux biens culturels, \u00e9volutions des usages [&hellip;]<\/p>\n","protected":false},"author":2,"featured_media":0,"parent":6789,"menu_order":4,"comment_status":"open","ping_status":"closed","template":"","meta":{"footnotes":""},"class_list":["post-6833","page","type-page","status-publish","hentry"],"_links":{"self":[{"href":"https:\/\/www.option-culture.com\/index.php?rest_route=\/wp\/v2\/pages\/6833","targetHints":{"allow":["GET"]}}],"collection":[{"href":"https:\/\/www.option-culture.com\/index.php?rest_route=\/wp\/v2\/pages"}],"about":[{"href":"https:\/\/www.option-culture.com\/index.php?rest_route=\/wp\/v2\/types\/page"}],"author":[{"embeddable":true,"href":"https:\/\/www.option-culture.com\/index.php?rest_route=\/wp\/v2\/users\/2"}],"replies":[{"embeddable":true,"href":"https:\/\/www.option-culture.com\/index.php?rest_route=%2Fwp%2Fv2%2Fcomments&post=6833"}],"version-history":[{"count":4,"href":"https:\/\/www.option-culture.com\/index.php?rest_route=\/wp\/v2\/pages\/6833\/revisions"}],"predecessor-version":[{"id":6838,"href":"https:\/\/www.option-culture.com\/index.php?rest_route=\/wp\/v2\/pages\/6833\/revisions\/6838"}],"up":[{"embeddable":true,"href":"https:\/\/www.option-culture.com\/index.php?rest_route=\/wp\/v2\/pages\/6789"}],"wp:attachment":[{"href":"https:\/\/www.option-culture.com\/index.php?rest_route=%2Fwp%2Fv2%2Fmedia&parent=6833"}],"curies":[{"name":"wp","href":"https:\/\/api.w.org\/{rel}","templated":true}]}}