{"id":6825,"date":"2014-09-13T19:13:39","date_gmt":"2014-09-13T17:13:39","guid":{"rendered":"http:\/\/www.option-culture.com\/?page_id=6825"},"modified":"2014-09-13T19:13:39","modified_gmt":"2014-09-13T17:13:39","slug":"leconomie-de-limmateriel","status":"publish","type":"page","link":"https:\/\/www.option-culture.com\/?page_id=6825","title":{"rendered":"L&rsquo;\u00e9conomie de l&rsquo;immat\u00e9riel"},"content":{"rendered":"<nav class=\"breadcrumb-trail breadcrumbs\"><span class=\"trail-browse\">Vous \u00eates ici :<\/span> <span class=\"trail-begin\"><a title=\"Option Culture\" href=\"https:\/\/www.option-culture.com\" rel=\"home\">Accueil<\/a><\/span> <span class=\"sep\">\u223c<\/span> <a title=\"Ressources\" href=\"https:\/\/www.option-culture.com\/?page_id=6789\">Ressources<\/a> <span class=\"sep\">\u223c<\/span> <span class=\"trail-end\">L\u2019exp\u00e9rimentation de la gratuit\u00e9<\/span><\/nav>\n<h1 class=\"page-title entry-title\"><a href=\"https:\/\/www.option-culture.com\/?page_id=6812\">L\u2019\u00e9conomie de l&rsquo;immat\u00e9riel<\/a><\/h1>\n<div class=\"entry-content\">\n<p>\u00ab\u00a0<span style=\"color: #000080;\"><strong>Le Rapport de la commission sur l&rsquo;\u00e9conomie de l&rsquo;immat\u00e9riel. La croissance de demain.<\/strong><\/span> \u00bb<\/p>\n<p>La Documentation fran\u00e7aise, 2006.<\/p>\n<blockquote><p>Place croissante de l&rsquo;innovation, d\u00e9veloppement massif des technologies de l&rsquo;information et de la communication, tertiarisation continue des pays d\u00e9velopp\u00e9s, tels sont les trois ph\u00e9nom\u00e8nes qui ont boulevers\u00e9 l&rsquo;\u00e9conomie mondiale depuis plus de vingt ans, valorisant ainsi l&rsquo;\u00e9conomie de l&rsquo;immat\u00e9riel, facteur d&rsquo;innovation et de croissance.<\/p>\n<p>La commission pr\u00e9sid\u00e9e par Maurice L\u00e9vy et Jean-Pierre Jouyet s&rsquo;interroge sur les moyens de permettre \u00e0 la France de surmonter ses faiblesses, notamment en termes de recherche, d&rsquo;innovation ou encore de gestion du patrimoine immat\u00e9riel, pour en faire un leader de l&rsquo;immat\u00e9riel.<\/p>\n<p>Le rapport s&rsquo;appuie en ce sens sur trois piliers : le pilier de la connaissance pour doter la France d&rsquo;un meilleur cadre afin de faire \u00e9merger les talents que ce soit \u00e0 l&rsquo;\u00e9cole, \u00e0 l&rsquo;universit\u00e9, dans les centres de recherche, dans le domaine culturel et dans les entreprises ; le pilier de la r\u00e9gulation pour mettre en place des r\u00e8gles de fonctionnement des march\u00e9s ; le pilier des infrastructures pour permettre \u00e0 la France de se doter de nouveaux r\u00e9seaux (num\u00e9rique, tr\u00e8s haut d\u00e9bit, information et connaissance).<\/p><\/blockquote>\n<p><a href=\"http:\/\/www.ladocumentationfrancaise.fr\/var\/storage\/rapports-publics\/064000880\/0000.pdf\" target=\"_blank\">T\u00e9l\u00e9charger <\/a>le document.<\/p>\n<\/div>\n","protected":false},"excerpt":{"rendered":"<p>Vous \u00eates ici : Accueil \u223c Ressources \u223c L\u2019exp\u00e9rimentation de la gratuit\u00e9 L\u2019\u00e9conomie de l&rsquo;immat\u00e9riel \u00ab\u00a0Le Rapport de la commission sur l&rsquo;\u00e9conomie de l&rsquo;immat\u00e9riel. La croissance de demain. \u00bb La Documentation fran\u00e7aise, 2006. Place croissante de l&rsquo;innovation, d\u00e9veloppement massif des technologies de l&rsquo;information et de la communication, tertiarisation continue des pays d\u00e9velopp\u00e9s, tels sont les [&hellip;]<\/p>\n","protected":false},"author":2,"featured_media":0,"parent":6789,"menu_order":3,"comment_status":"open","ping_status":"open","template":"","meta":{"footnotes":""},"class_list":["post-6825","page","type-page","status-publish","hentry"],"_links":{"self":[{"href":"https:\/\/www.option-culture.com\/index.php?rest_route=\/wp\/v2\/pages\/6825","targetHints":{"allow":["GET"]}}],"collection":[{"href":"https:\/\/www.option-culture.com\/index.php?rest_route=\/wp\/v2\/pages"}],"about":[{"href":"https:\/\/www.option-culture.com\/index.php?rest_route=\/wp\/v2\/types\/page"}],"author":[{"embeddable":true,"href":"https:\/\/www.option-culture.com\/index.php?rest_route=\/wp\/v2\/users\/2"}],"replies":[{"embeddable":true,"href":"https:\/\/www.option-culture.com\/index.php?rest_route=%2Fwp%2Fv2%2Fcomments&post=6825"}],"version-history":[{"count":5,"href":"https:\/\/www.option-culture.com\/index.php?rest_route=\/wp\/v2\/pages\/6825\/revisions"}],"predecessor-version":[{"id":6830,"href":"https:\/\/www.option-culture.com\/index.php?rest_route=\/wp\/v2\/pages\/6825\/revisions\/6830"}],"up":[{"embeddable":true,"href":"https:\/\/www.option-culture.com\/index.php?rest_route=\/wp\/v2\/pages\/6789"}],"wp:attachment":[{"href":"https:\/\/www.option-culture.com\/index.php?rest_route=%2Fwp%2Fv2%2Fmedia&parent=6825"}],"curies":[{"name":"wp","href":"https:\/\/api.w.org\/{rel}","templated":true}]}}