{"id":6812,"date":"2014-09-08T09:26:26","date_gmt":"2014-09-08T07:26:26","guid":{"rendered":"http:\/\/www.option-culture.com\/?page_id=6812"},"modified":"2014-09-13T19:24:35","modified_gmt":"2014-09-13T17:24:35","slug":"lexperimentatn-de-la-gratuite","status":"publish","type":"page","link":"https:\/\/www.option-culture.com\/?page_id=6812","title":{"rendered":"L&rsquo;exp\u00e9rimentation de la gratuit\u00e9"},"content":{"rendered":"<p>\u00ab\u00a0<span style=\"color: #000080;\"><strong>La gratuit\u00e9 dans les mus\u00e9es et monuments en France : quelques indicateurs de mobilisation des visiteurs<\/strong><\/span>.\u00a0\u00bb<\/p>\n<p><em>Culture-\u00e9tudes<\/em>, 2009-2, minist\u00e8re de la Culture.<\/p>\n<p>Jacqueline Eidelman et Beno\u00eet C\u00e9roux.<\/p>\n<p><a href=\"http:\/\/www2.culture.gouv.fr\/culture\/deps\/2008\/pdf\/Cetudes-09_2.pdf\" target=\"_blank\">T\u00e9l\u00e9charger <\/a>le document.<\/p>\n","protected":false},"excerpt":{"rendered":"<p>\u00ab\u00a0La gratuit\u00e9 dans les mus\u00e9es et monuments en France : quelques indicateurs de mobilisation des visiteurs.\u00a0\u00bb Culture-\u00e9tudes, 2009-2, minist\u00e8re de la Culture. Jacqueline Eidelman et Beno\u00eet C\u00e9roux. T\u00e9l\u00e9charger le document.<\/p>\n","protected":false},"author":2,"featured_media":0,"parent":6789,"menu_order":1,"comment_status":"open","ping_status":"open","template":"","meta":{"footnotes":""},"class_list":["post-6812","page","type-page","status-publish","hentry"],"_links":{"self":[{"href":"https:\/\/www.option-culture.com\/index.php?rest_route=\/wp\/v2\/pages\/6812","targetHints":{"allow":["GET"]}}],"collection":[{"href":"https:\/\/www.option-culture.com\/index.php?rest_route=\/wp\/v2\/pages"}],"about":[{"href":"https:\/\/www.option-culture.com\/index.php?rest_route=\/wp\/v2\/types\/page"}],"author":[{"embeddable":true,"href":"https:\/\/www.option-culture.com\/index.php?rest_route=\/wp\/v2\/users\/2"}],"replies":[{"embeddable":true,"href":"https:\/\/www.option-culture.com\/index.php?rest_route=%2Fwp%2Fv2%2Fcomments&post=6812"}],"version-history":[{"count":4,"href":"https:\/\/www.option-culture.com\/index.php?rest_route=\/wp\/v2\/pages\/6812\/revisions"}],"predecessor-version":[{"id":6836,"href":"https:\/\/www.option-culture.com\/index.php?rest_route=\/wp\/v2\/pages\/6812\/revisions\/6836"}],"up":[{"embeddable":true,"href":"https:\/\/www.option-culture.com\/index.php?rest_route=\/wp\/v2\/pages\/6789"}],"wp:attachment":[{"href":"https:\/\/www.option-culture.com\/index.php?rest_route=%2Fwp%2Fv2%2Fmedia&parent=6812"}],"curies":[{"name":"wp","href":"https:\/\/api.w.org\/{rel}","templated":true}]}}