{"id":4033,"date":"2011-07-27T23:21:03","date_gmt":"2011-07-27T21:21:03","guid":{"rendered":"http:\/\/blog.option.culture.future.marrot.org\/?page_id=4033"},"modified":"2012-09-15T10:05:12","modified_gmt":"2012-09-15T08:05:12","slug":"nos-missions","status":"publish","type":"page","link":"https:\/\/www.option-culture.com\/?page_id=4033","title":{"rendered":"Nos missions"},"content":{"rendered":"<p>Les <a href=\"http:\/\/option.culture.free.fr\/references.html\">missions<\/a> d&rsquo;Option Culture sont adapt\u00e9es aux sp\u00e9cificit\u00e9s de chacune des questions pos\u00e9es. Elles peuvent prendre diff\u00e9rentes formes : diagnostic, conception, faisabilit\u00e9, programmation, interpr\u00e9tation, audit, \u00e9valuation, enqu\u00eates, formation, assistance&#8230;<\/p>\n<p>La d\u00e9marche d&rsquo;Option Culture est fond\u00e9e sur les\u00a0principes suivants :<\/p>\n<ul>\n<li>se placer \u00e0 un niveau strat\u00e9gique, permettant d&rsquo;envisager dans leur globalit\u00e9 les diff\u00e9rentes dimensions d&rsquo;une action ou d&rsquo;une politique culturelle<\/li>\n<li>accorder une place prioritaire au travail de terrain et aux rencontres avec les acteurs des projets, \u00eatre \u00e0 l&rsquo;\u00e9coute de r\u00e9alit\u00e9s sp\u00e9cifiques et de particularit\u00e9s locales, loin des recettes toutes faites et\u00a0fa\u00e7on la plus pertinente d&rsquo;agir efficacement<\/li>\n<li>se situer dans une d\u00e9marche de co-construction des solutions propos\u00e9es, l&rsquo;accompagnement, la concertation et le travail participatif constituant les meilleurs garants de la mise en oeuvre effective et de la p\u00e9rennit\u00e9\u00a0des d\u00e9cisions<\/li>\n<\/ul>\n<p>Disposant d&rsquo;une base de donn\u00e9es sp\u00e9cialis\u00e9es, Option Culture assure une veille permanente, en France et \u00e0 l&rsquo;\u00e9tranger.<\/p>\n<p>Option Culture est membre du syndicat national de l&rsquo;ing\u00e9nierie Loisirs &#8211; Culture &#8211; Tourisme<\/p>\n<p style=\"text-align: center;\"><span style=\"color: #0000ff;\">\u00a0<\/span><a href=\"http:\/\/www.gefil.org\/presentation.php\" target=\"_blank\"><img loading=\"lazy\" decoding=\"async\" src=\"http:\/\/option.culture.free.fr\/Images\/gefil.gif\" alt=\"Logo du G\u00e9fil\" width=\"121\" height=\"51\" \/><\/a><\/p>\n","protected":false},"excerpt":{"rendered":"<p>Les missions d&rsquo;Option Culture sont adapt\u00e9es aux sp\u00e9cificit\u00e9s de chacune des questions pos\u00e9es. Elles peuvent prendre diff\u00e9rentes formes : diagnostic, conception, faisabilit\u00e9, programmation, interpr\u00e9tation, audit, \u00e9valuation, enqu\u00eates, formation, assistance&#8230; La d\u00e9marche d&rsquo;Option Culture est fond\u00e9e sur les\u00a0principes suivants : se placer \u00e0 un niveau strat\u00e9gique, permettant d&rsquo;envisager dans leur globalit\u00e9 les diff\u00e9rentes dimensions d&rsquo;une action [&hellip;]<\/p>\n","protected":false},"author":2,"featured_media":0,"parent":4026,"menu_order":1,"comment_status":"closed","ping_status":"closed","template":"","meta":{"footnotes":""},"class_list":["post-4033","page","type-page","status-publish","hentry"],"_links":{"self":[{"href":"https:\/\/www.option-culture.com\/index.php?rest_route=\/wp\/v2\/pages\/4033","targetHints":{"allow":["GET"]}}],"collection":[{"href":"https:\/\/www.option-culture.com\/index.php?rest_route=\/wp\/v2\/pages"}],"about":[{"href":"https:\/\/www.option-culture.com\/index.php?rest_route=\/wp\/v2\/types\/page"}],"author":[{"embeddable":true,"href":"https:\/\/www.option-culture.com\/index.php?rest_route=\/wp\/v2\/users\/2"}],"replies":[{"embeddable":true,"href":"https:\/\/www.option-culture.com\/index.php?rest_route=%2Fwp%2Fv2%2Fcomments&post=4033"}],"version-history":[{"count":7,"href":"https:\/\/www.option-culture.com\/index.php?rest_route=\/wp\/v2\/pages\/4033\/revisions"}],"predecessor-version":[{"id":5388,"href":"https:\/\/www.option-culture.com\/index.php?rest_route=\/wp\/v2\/pages\/4033\/revisions\/5388"}],"up":[{"embeddable":true,"href":"https:\/\/www.option-culture.com\/index.php?rest_route=\/wp\/v2\/pages\/4026"}],"wp:attachment":[{"href":"https:\/\/www.option-culture.com\/index.php?rest_route=%2Fwp%2Fv2%2Fmedia&parent=4033"}],"curies":[{"name":"wp","href":"https:\/\/api.w.org\/{rel}","templated":true}]}}