{"id":4029,"date":"2011-07-27T23:17:15","date_gmt":"2011-07-27T21:17:15","guid":{"rendered":"http:\/\/blog.option.culture.future.marrot.org\/?page_id=4029"},"modified":"2023-11-20T10:03:19","modified_gmt":"2023-11-20T08:03:19","slug":"presentation","status":"publish","type":"page","link":"https:\/\/www.option-culture.com\/?page_id=4029","title":{"rendered":"Pr\u00e9sentation"},"content":{"rendered":"<p>Fond\u00e9 en 1991, Option Culture, dirig\u00e9 par Jean-Michel Tobelem, est un organisme d&rsquo;\u00e9tude et de conseil sp\u00e9cialis\u00e9 dans l&rsquo;accompagnement strat\u00e9gique des dirigeants<\/p>\n<p>Option Culture intervient, gr\u00e2ce \u00e0 un r\u00e9seau d&rsquo;experts et de sp\u00e9cialistes, dans les trois principaux domaines suivants :<\/p>\n<ul>\n<li>d\u00e9veloppement, organisation, gestion et financement des institutions, \u00e9v\u00e9nements et \u00e9quipements culturels<\/li>\n<li>d\u00e9finition, mise en \u0153uvre et \u00e9valuation de politiques culturelles, de projets de territoire et de productions culturelles<\/li>\n<li>\u00e9tude des publics de la culture et du tourisme culturel<\/li>\n<\/ul>\n","protected":false},"excerpt":{"rendered":"<p>Fond\u00e9 en 1991, Option Culture, dirig\u00e9 par Jean-Michel Tobelem, est un organisme d&rsquo;\u00e9tude et de conseil sp\u00e9cialis\u00e9 dans l&rsquo;accompagnement strat\u00e9gique des dirigeants Option Culture intervient, gr\u00e2ce \u00e0 un r\u00e9seau d&rsquo;experts et de sp\u00e9cialistes, dans les trois principaux domaines suivants : d\u00e9veloppement, organisation, gestion et financement des institutions, \u00e9v\u00e9nements et \u00e9quipements culturels d\u00e9finition, mise en \u0153uvre [&hellip;]<\/p>\n","protected":false},"author":2,"featured_media":0,"parent":4026,"menu_order":0,"comment_status":"closed","ping_status":"closed","template":"","meta":{"footnotes":""},"class_list":["post-4029","page","type-page","status-publish","hentry"],"_links":{"self":[{"href":"https:\/\/www.option-culture.com\/index.php?rest_route=\/wp\/v2\/pages\/4029","targetHints":{"allow":["GET"]}}],"collection":[{"href":"https:\/\/www.option-culture.com\/index.php?rest_route=\/wp\/v2\/pages"}],"about":[{"href":"https:\/\/www.option-culture.com\/index.php?rest_route=\/wp\/v2\/types\/page"}],"author":[{"embeddable":true,"href":"https:\/\/www.option-culture.com\/index.php?rest_route=\/wp\/v2\/users\/2"}],"replies":[{"embeddable":true,"href":"https:\/\/www.option-culture.com\/index.php?rest_route=%2Fwp%2Fv2%2Fcomments&post=4029"}],"version-history":[{"count":11,"href":"https:\/\/www.option-culture.com\/index.php?rest_route=\/wp\/v2\/pages\/4029\/revisions"}],"predecessor-version":[{"id":7860,"href":"https:\/\/www.option-culture.com\/index.php?rest_route=\/wp\/v2\/pages\/4029\/revisions\/7860"}],"up":[{"embeddable":true,"href":"https:\/\/www.option-culture.com\/index.php?rest_route=\/wp\/v2\/pages\/4026"}],"wp:attachment":[{"href":"https:\/\/www.option-culture.com\/index.php?rest_route=%2Fwp%2Fv2%2Fmedia&parent=4029"}],"curies":[{"name":"wp","href":"https:\/\/api.w.org\/{rel}","templated":true}]}}