{"id":3985,"date":"2011-07-26T22:44:15","date_gmt":"2011-07-26T20:44:15","guid":{"rendered":"http:\/\/blog.option.culture.future.marrot.org\/?page_id=3985"},"modified":"2014-08-03T11:10:28","modified_gmt":"2014-08-03T09:10:28","slug":"culture","status":"publish","type":"page","link":"https:\/\/www.option-culture.com\/?page_id=3985","title":{"rendered":"Culture"},"content":{"rendered":"<p>AIMAC \u2013 Association internationale de management des arts et de la culture<br \/>\n<a href=\"http:\/\/www.gestiondesarts.com\/index.php?id=6\" target=\"_blank\">http:\/\/www.gestiondesarts.com<\/a><\/p>\n<p>AMCSTI (association des mus\u00e9es et centres de culture scientifique, technique et industrielle)<br \/>\n<a href=\"http:\/\/www.amcsti.fr\/index.htm\" target=\"_blank\">http:\/\/www.amcsti.fr<\/a><\/p>\n<p>Association of Cultural Economics<br \/>\n<a href=\"http:\/\/www.acei.neu.edu\/\" target=\"_blank\">http:\/\/www.acei.neu.edu<\/a><\/p>\n<p>Association des biblioth\u00e8ques de France<br \/>\n<a href=\"http:\/\/www.abf.asso.fr\/\" target=\"_blank\">http:\/\/www.abf.asso.fr<\/a><\/p>\n<p>Association fran\u00e7aise des orchestres<br \/>\n<a href=\"http:\/\/www.france-orchestres.com\/\" target=\"_blank\">http:\/\/www.france-orchestres.com<\/a><\/p>\n<p>Buzzeum<br \/>\n<a href=\"http:\/\/www.buzzeum.com\/\" target=\"_blank\">http:\/\/www.buzzeum.com\/<\/a><\/p>\n<p>Culture &amp; management<br \/>\n<a href=\"http:\/\/www.culture-et-management.com\/\" target=\"_blank\">http:\/\/www.culture-et-management.com<\/a><\/p>\n<p>Centre national de la danse<br \/>\n<a href=\"http:\/\/web.cnd.fr\/\" target=\"_blank\">http:\/\/web.cnd.fr<\/a><\/p>\n<p>Centre national du th\u00e9\u00e2tre<br \/>\n<a href=\"http:\/\/www.cnt.asso.fr\/index.php\" target=\"_blank\">http:\/\/www.cnt.asso.fr<\/a><\/p>\n<p>Direct 94<br \/>\n<a href=\"http:\/\/direct94-culture.blog94.fr\/\" target=\"_blank\">http:\/\/direct94-culture.blog94.fr<\/a><\/p>\n<p>F\u00e9d\u00e9ration des Sc\u00e8nes de Jazz et de Musiques Improvis\u00e9es<br \/>\n<a href=\"http:\/\/www.la-fedurok.org\/accueil.php?width=1280&amp;height=1024\" target=\"_blank\">http:\/\/www.la-fedurok.org<\/a><\/p>\n<p>F\u00e9d\u00e9ration Nationales des Collectivit\u00e9s Territoriales pour la Culture<br \/>\n<a href=\"http:\/\/www.fncc.fr\/index.php3\" target=\"_blank\">http:\/\/www.fncc.fr<\/a><\/p>\n<p>F\u00e9d\u00e9ration des \u00e9comus\u00e9es et des mus\u00e9es de soci\u00e9t\u00e9 (FEMS)<\/p>\n<p><span style=\"color: #1189b7;\"><a href=\"http:\/\/www.fems.asso.fr\">http:\/\/www.fems.asso.fr<\/a><\/span><\/p>\n<p>Minist\u00e8re de la culture<br \/>\n<a href=\"http:\/\/www.culture.gouv.fr\/\" target=\"_blank\">http:\/\/www.culture.gouv.fr<\/a><\/p>\n<p>Observatoire des politiques culturelles<br \/>\n<a href=\"http:\/\/www.observatoire-culture.net\/\" target=\"_blank\">http:\/\/www.observatoire-culture.net<\/a><\/p>\n<p>Office de coop\u00e9ration et d\u2019information mus\u00e9ographiques<br \/>\n<a href=\"http:\/\/www.ocim.fr\/sommaire\/\" target=\"_blank\">http:\/\/www.ocim.fr<\/a><\/p>\n<p>Office National de Diffusion Artistique<br \/>\n<a href=\"http:\/\/www.onda-international.com\/accueil.php\" target=\"_blank\">http:\/\/www.onda-international.com<\/a><\/p>\n<p>Paris-art.com<br \/>\n<a href=\"http:\/\/www.paris-art.com\/\" target=\"_blank\">http:\/\/www.paris-art.com<\/a><\/p>\n<p>Peuple et Culture<br \/>\n<a href=\"http:\/\/www.peuple-et-culture.org\/\" target=\"_blank\">http:\/\/www.peuple-et-culture.org<\/a><\/p>\n<p>Pourinfos.org (actualit\u00e9 de l\u2019art contemporain)<br \/>\n<a href=\"http:\/\/www.pourinfos.org\/\" target=\"_blank\">http:\/\/www.pourinfos.org<\/a><\/p>\n<p>R\u00e9pertoire des mus\u00e9es fran\u00e7ais<br \/>\n<a href=\"http:\/\/museofile.culture.fr\/\" target=\"_blank\">http:\/\/museofile.culture.fr<\/a><\/p>\n<p>Syndicat national des entreprises artistiques et culturelles<br \/>\n<a href=\"http:\/\/www.syndeac.org\/\" target=\"_blank\">http:\/\/www.syndeac.org<\/a><\/p>\n","protected":false},"excerpt":{"rendered":"<p>AIMAC \u2013 Association internationale de management des arts et de la culture http:\/\/www.gestiondesarts.com AMCSTI (association des mus\u00e9es et centres de culture scientifique, technique et industrielle) http:\/\/www.amcsti.fr Association of Cultural Economics http:\/\/www.acei.neu.edu Association des biblioth\u00e8ques de France http:\/\/www.abf.asso.fr Association fran\u00e7aise des orchestres http:\/\/www.france-orchestres.com Buzzeum http:\/\/www.buzzeum.com\/ Culture &amp; management http:\/\/www.culture-et-management.com Centre national de la danse http:\/\/web.cnd.fr Centre [&hellip;]<\/p>\n","protected":false},"author":2,"featured_media":0,"parent":3962,"menu_order":0,"comment_status":"closed","ping_status":"closed","template":"","meta":{"footnotes":""},"class_list":["post-3985","page","type-page","status-publish","hentry"],"_links":{"self":[{"href":"https:\/\/www.option-culture.com\/index.php?rest_route=\/wp\/v2\/pages\/3985","targetHints":{"allow":["GET"]}}],"collection":[{"href":"https:\/\/www.option-culture.com\/index.php?rest_route=\/wp\/v2\/pages"}],"about":[{"href":"https:\/\/www.option-culture.com\/index.php?rest_route=\/wp\/v2\/types\/page"}],"author":[{"embeddable":true,"href":"https:\/\/www.option-culture.com\/index.php?rest_route=\/wp\/v2\/users\/2"}],"replies":[{"embeddable":true,"href":"https:\/\/www.option-culture.com\/index.php?rest_route=%2Fwp%2Fv2%2Fcomments&post=3985"}],"version-history":[{"count":9,"href":"https:\/\/www.option-culture.com\/index.php?rest_route=\/wp\/v2\/pages\/3985\/revisions"}],"predecessor-version":[{"id":6707,"href":"https:\/\/www.option-culture.com\/index.php?rest_route=\/wp\/v2\/pages\/3985\/revisions\/6707"}],"up":[{"embeddable":true,"href":"https:\/\/www.option-culture.com\/index.php?rest_route=\/wp\/v2\/pages\/3962"}],"wp:attachment":[{"href":"https:\/\/www.option-culture.com\/index.php?rest_route=%2Fwp%2Fv2%2Fmedia&parent=3985"}],"curies":[{"name":"wp","href":"https:\/\/api.w.org\/{rel}","templated":true}]}}