{"id":3955,"date":"2011-07-24T23:30:26","date_gmt":"2011-07-24T22:30:26","guid":{"rendered":"http:\/\/blog.option.culture.future.marrot.org\/?page_id=3955"},"modified":"2012-08-21T14:52:54","modified_gmt":"2012-08-21T12:52:54","slug":"bibliographie","status":"publish","type":"page","link":"https:\/\/www.option-culture.com\/?page_id=3955","title":{"rendered":"Bibliographie"},"content":{"rendered":"<p><strong>Publications relatives \u00e0 la gestion des mus\u00e9es, du patrimoine et de la culture<\/strong><\/p>\n<p>A<\/p>\n<p>Alexander, Victoria D., 1996, Museums and Money, The Impact of Funding on Exhibitions, Scholarship, and Management, Indiana University Press, Bloomington et Indianapolis.<\/p>\n<p>Allinne, Jean-Pierre et Carrier, Renaud (dir.), 2006,<em> G\u00e9rer la culture en r\u00e9gion. Les pratiques des collectivit\u00e9s territoriales en France<\/em>, L\u2019Harmattan, Paris.<\/p>\n<p>Ambrose, Timothy et Runyard, Sue (\u00e9dit\u00e9 par), 1991, Forward Planning, Museums &amp; Galleries Commission, Routledge, Londres.<\/p>\n<p>Anderson, David, 1999, A Common Wealth : Museums in the Learning Age, A Report to the Department for Culture, Media and Sport, The Stationery Office, Londres.<\/p>\n<p>Armaos, Georges, 2002, Expositions temporaires et \u00e9criture de l&rsquo;histoire de l&rsquo;art. Recherches sur 24 expositions temporaires organis\u00e9es et\/ou tenues au Mus\u00e9e national d&rsquo;art moderne, Paris, et au Museum of Modern Art, New York. 1977-1999, Th\u00e8se en histoire de l&rsquo;art, Universit\u00e9 Paris I.<\/p>\n<p>Art press, 2001, n\u00b0 22, sp\u00e9cial \u00ab\u00a0\u00c9cosyst\u00e8mes du monde de l&rsquo;art\u00a0\u00bb.<\/p>\n<p>Audier, Florence, 1994, \u00c9volution des emplois, des formations et des carri\u00e8res dans la fonction publique, le cas des mus\u00e9es, Rapport du SET-METIS n\u00b0 R-96-01, Universit\u00e9 Paris I.<\/p>\n<p>Autissier, Anne-Marie, 2005, L&rsquo;Europe de la culture, Histoire(s) et enjeux, Babel, Maison des cultures du monde, Arles.<\/p>\n<p>B<\/p>\n<p>Ball\u00e9, Catherine et Poulot, Dominique, 2004, Mus\u00e9es en Europe, une mutation inachev\u00e9e, La documentation fran\u00e7aise, Paris.<\/p>\n<p>Ball\u00e9, Catherine, 1987, Les al\u00e9as du changement, Th\u00e8se pour le doctorat d&rsquo;\u00c9tat \u00e8s lettres et sciences humaines, Universit\u00e9 Paris V.<\/p>\n<p>Barr\u00e9, Josquin, 1995, Vendre le tourisme culturel, Economica &#8211; IESA, Paris.<\/p>\n<p>Barr\u00e8re, Christian, Barth\u00e9lemy, Denis, Nieddu, Martino et Vivien, Franck-Dominique (dir.), 2004, R\u00e9inventer le patrimoine. De la culture \u00e0 l&rsquo;\u00e9conomie, une nouvelle pens\u00e9e du patrimoine ? L&rsquo;Harmattan, Paris.<\/p>\n<p>Baumol, W.J. et Bowen, W.G., 1966, Performing Arts: The Economic Dilemma, MIT Press, Cambridge.<\/p>\n<p>Bayart, Denis et Benghozi, Pierre-Jean, 1993, Le tournant commercial des mus\u00e9es en France et \u00e0 l&rsquo;\u00e9tranger, La Documentation fran\u00e7aise.<\/p>\n<p>Beaulac, Mario, Colbert, Fran\u00e7ois et Duhaime, Carole, 1991, Le marketing en milieu mus\u00e9al : une recherche exploratoire. Groupe de recherche et de formation en gestion des arts, Ecole des Hautes Etudes Commerciales de Montr\u00e9al.<\/p>\n<p>Benhamou, Fran\u00e7oise, 2001, L&rsquo;\u00e9conomie de la culture, La d\u00e9couverte, Paris.<\/p>\n<p>Benhamou, Fran\u00e7oise, 2001, L&rsquo;\u00e9conomie du star-system, Odile Jacob, Paris.<\/p>\n<p>Benhamou, Fran\u00e7oise, 2006, Les d\u00e9r\u00e8glements de l&rsquo;exception culturelle, Seuil, Paris.<\/p>\n<p>Bianchini, Franco et Parkinson, Michael (ed.), 1993, Cultural Policy and Urban Regeneration, The West European Experience, Manchester University Press, Manchester.<\/p>\n<p>Blackall, Simon et Meek, Jan (Ed.), 1992, Marketing the arts, International Council of Museums, Watermark Press.<\/p>\n<p>Bonnefous, \u00c9douard, Peuchot, \u00c9ric, Richer, Laurent, 1994, Droit au mus\u00e9e, droit des mus\u00e9es, Fondation Singer-Polignac, Dalloz, Paris.<\/p>\n<p>Bourdieu, Pierre et Darbel, Alain, 1966, L&rsquo;amour de l&rsquo;art : les mus\u00e9es d&rsquo;art et leur public, \u00e9ditions de Minuit, Paris.<\/p>\n<p>Boylan, Patrick J. (Ed.), 1992, Museums 2000 : Politics, People, Professionals &amp; Profit, Museums Association et Routledge, Londres et New York.<\/p>\n<p>Byrnes, William J., 1993, Management and the Arts, Focal Press, Focal Press, Boston.<\/p>\n<p>C<\/p>\n<p>Caillet, Elisabeth (collab. Lehalle, Evelyne), 1995, \u00c0 l&rsquo;approche du mus\u00e9e &#8211; la m\u00e9diation culturelle, Presses universitaires de Lyon.<\/p>\n<p>Caillet, \u00c9lisabeth et Coppey, Odile, 2004, Strat\u00e9gies pour l&rsquo;action culturelle, L&rsquo;Harmattan, Paris.<\/p>\n<p>Cam, Jo\u00ebl, Boutiques de sites culturels, guide du gestionnaire, \u00e9ditions AFIT, 2002.<\/p>\n<p>Cazes, Georges et Potier, Fran\u00e7oise, 1996, Le tourisme urbain, PUF, Paris.<\/p>\n<p>Chatelain, Jean, 1993, Droit et administration des mus\u00e9es, \u00c9cole du Louvre, La documentation fran\u00e7aise, Paris.<\/p>\n<p>Chatelain, St\u00e9phanie, 1998, Le contr\u00f4le de gestion dans les mus\u00e9es, Economica, Paris.<\/p>\n<p>Chaumier, Serge, 2003, Des mus\u00e9es en qu\u00eate d&rsquo;identit\u00e9. \u00c9comus\u00e9es versus technomus\u00e9e, L&rsquo;Harmattan, Paris.<\/p>\n<p>Chiapello, \u00c8ve, 1998, Artistes versus managers, M\u00e9taili\u00e9, Paris.<\/p>\n<p>Choay, Fran\u00e7oise, 1992, L&rsquo;all\u00e9gorie du patrimoine, Le Seuil, Paris.<\/p>\n<p>Colbert, Fran\u00e7ois, avec la collaboration de Jacques Nantel et Suzanne Bilodeau, 1993, Le marketing des arts et de la culture, Ga\u00ebtan Morin \u00e9diteur.<\/p>\n<p>Cornu, Marie et Fromageau, J\u00e9r\u00f4me (\u00e9d), 1999, Fondation et trust dans la protection du patrimoine en droit fran\u00e7ais et droit compar\u00e9, L&rsquo;Harmattan, Paris.<\/p>\n<p>Cornu, Marie et Mallet-Poujol, Nathalie, 2001, Droit, \u0153uvres d&rsquo;art et mus\u00e9es. La protection et la valorisation des collections, CNRS Droit, CNRS \u00e9ditions, Paris.<\/p>\n<p>C\u00f4t\u00e9, Michel (dir.), 1991, Mus\u00e9es et gestion, Mus\u00e9e de la Civilisation, Universit\u00e9 de Laval, Qu\u00e9bec.<\/p>\n<p>D<\/p>\n<p>Davallon, Jean (dir.), 1986, Claquemurer, pour ainsi dire, tout l&rsquo;univers, la mise en exposition, \u00e9ditions du Centre Georges-Pompidou, Paris.<\/p>\n<p>Davallon, Jean, 2006, Le don du patrimoine, une approche communicationnelle de la patrimonialisation, Lavoisier, Paris.<\/p>\n<p>De Bary, Marie-Odile et Tobelem, Jean-Michel (dir.), 1998, Manuel de mus\u00e9ographie &#8211; petit guide \u00e0 l&rsquo;usage des responsables de mus\u00e9e, Ed. Atlantica-S\u00e9guier, Paris.<\/p>\n<p>De Bary, Marie-Odile, 1999, L&rsquo;interpr\u00e9tation, Agence fran\u00e7aise de l&rsquo;Ing\u00e9nierie touristique, Option Culture, Les Cahiers de l&rsquo;AFIT, Paris.<\/p>\n<p>De Varine, Hugues, 1991, L&rsquo;initiative communautaire, recherche et exp\u00e9rimentation, 1991, collection museologia, Ed. W-MNES.<\/p>\n<p>Debenedetti, St\u00e9phane, 2001, R\u00f4le et impact de l&rsquo;accompagnement du visiteur du lieu culturel, Th\u00e8se pour l&rsquo;obtention du doctorat en sciences de gestion, Universit\u00e9 Paris IX Dauphine, Paris.<\/p>\n<p>D\u00e9centralisation : les nouveaux espaces du patrimoine, 2004, dossier de la revue Pouvoirs Locaux coordonn\u00e9 par J.-M. Ohnet, P. Poncet, F. Thuriot et J.-M. Tobelem, avec la participation de M. Gravari-Barbas, n\u00b0 63, IV\/2004.<\/p>\n<p>Dechartre, Philippe (rapport pr\u00e9sent\u00e9 par), 1998, L&rsquo;impact et l&rsquo;apport des \u00e9v\u00e9nements culturels et d\u00e9veloppement local et r\u00e9gional, Conseil \u00e9conomique et social, Les \u00e9ditions des Journaux officiels, Paris.<\/p>\n<p>Du mus\u00e9e au parc d&rsquo;attraction, 2005, dir. S. Chaumier, Culture et Mus\u00e9es, n\u00b0 5, juin 2005.<\/p>\n<p>Dupuis, Xavier, 1991, Culture et d\u00e9veloppement, de la reconnaissance \u00e0 l&rsquo;\u00e9valuation, UNESCO \/ Institut culturel africain, Paris.<\/p>\n<p>Dupuis, Xavier, avec la collaboration de C\u00e9cile Desjardins, 1994, \u00c9l\u00e9ments de synth\u00e8se sur l&rsquo;\u00e9conomie du patrimoine, D\u00e9partement des \u00e9tudes et de la prospective, minist\u00e8re de la Culture.<\/p>\n<p>E<\/p>\n<p>Evrard, Yves (coord.), 1993, Le management des entreprises artistiques et culturelles, Economica, Paris.<\/p>\n<p>F<\/p>\n<p>Farchy, Jo\u00eblle et Sagot-Duvauroux, Dominique, 1994, \u00c9conomie des politiques culturelles, PUF, Paris.<\/p>\n<p>Farchy, Jo\u00eblle, La fin de l&rsquo;exception culturelle ?, 2002, CNRS \u00e9ditions, Paris.<\/p>\n<p>Feldstein, Martin (ed.), 1991, The Economics of Art Museums, The University of Chicago Press, Chicago.<\/p>\n<p>Fixari, D., Kleitz F. et Pallez, F., 1996, La gestion des institutions culturelles est-elle sp\u00e9cifique ? Cahiers de recherche du CGS, n\u00b0 11, mars 1996.<\/p>\n<p>Fopp, Michael A., 1997, Managing Museums and Galleries, Routledge, Londres.<\/p>\n<p>Fourteau, Claude (dir.), 2002, Les institutions culturelles au plus pr\u00e8s du public, mus\u00e9e du Louvre, La documentation fran\u00e7aise, Paris.<\/p>\n<p>G<\/p>\n<p>Galard, Jean (actes \u00e9tablis par), 2000, Le regard instruit. Action \u00e9ducative et action culturelle dans les mus\u00e9es, Actes du colloque organis\u00e9 au mus\u00e9e du Louvre par le Service culturel le 16 avril 1999, \u00e9tablis par Jean Galard, La documentation fran\u00e7aise, Mus\u00e9e du Louvre, Paris.<\/p>\n<p>Galard, Jean (dir.), 2001, L&rsquo;avenir des mus\u00e9es, R\u00e9union des mus\u00e9es nationaux, mus\u00e9e du Louvre, Paris.<\/p>\n<p>Garfield, Donald (Ed.), 1997, Partners in tourism, American Association of Museums.<\/p>\n<p>Gault, Michel (\u00e9dit\u00e9 par), 1994, \u00c9quipements culturels territoriaux, projets et modes de gestion, Observatoire des politiques culturelles, CNFPT, minist\u00e8re de la Culture, La documentation fran\u00e7aise, Paris.<\/p>\n<p>Giappiconi, Thierry et Carbone, Pierre, 1997, Management des biblioth\u00e8ques, Cercle de la Librairie, Paris.<\/p>\n<p>Gob, Andr\u00e9 et Drouguet, No\u00e9mie, 2003, La mus\u00e9ologie. Histoire, d\u00e9veloppements, enjeux actuels, Armand Colin, Paris.<\/p>\n<p>Godlewski-Segrestan, St\u00e9phane, 1991, M\u00e9c\u00e9nat d&rsquo;entreprise et strat\u00e9gie, le m\u00e9c\u00e9nat \u00e0 l&rsquo;heure des fondations d&rsquo;entreprise, Dunod, Paris.<\/p>\n<p>Gombault, Anne, 2000, La construction de l&rsquo;identit\u00e9 organisationnelle : une \u00e9tude exploratoire au mus\u00e9e du Louvre, Th\u00e8se pour l&rsquo;obtention du doctorat en sciences de gestion, Universit\u00e9 Montesquieu-Bordeaux IV.<\/p>\n<p>Goodlad, Sinclair et McIvor, Stephanie, 1998, Museum Volunteers, Good Practice in the Management of Volunteers, Routledge, 1998.<\/p>\n<p>Gottesdiener, Hana, 1992, Freins et motivations \u00e0 la visite des mus\u00e9es d&rsquo;art, minist\u00e8re de la Culture, D\u00e9partement des \u00e9tudes et de la prospective.<\/p>\n<p>Grampp, W.D., 1989, Pricing the Priceless : Art, Artists and Economics, Basic Books, New York.<\/p>\n<p>Greffe, Xavier, 1990, La valeur \u00e9conomique du patrimoine, Anthropos, Paris.<\/p>\n<p>Greffe, Xavier, 1999, La gestion du patrimoine culturel, Anthropos-Economica, Paris.<\/p>\n<p>Greffe, Xavier, 2002, Arts et artistes au miroir de l&rsquo;\u00e9conomie, \u00e9ditions UNESCO-Economica, Paris.<\/p>\n<p>Gurian, Elaine Heumann (Ed.), 1995, Institutional trauma : major change in museums and its effect on staff, American Association of Museums.<\/p>\n<p>Guthrie, Kevin M., 1996, The New-York Historical Society : lessons from one nonprofit&rsquo;s long struggle for survival, Jossey-Bass, Inc., Publishers.<\/p>\n<p>H<\/p>\n<p>Heaton, David, 1992, Museums Among Friends, The Wider Museum Community, Museums &amp; Galleries Commission, HSMO, Londres.<\/p>\n<p>H\u00e9ritier-Aug\u00e9, Fran\u00e7oise, 1991, Les mus\u00e9es de l&rsquo;\u00c9ducation nationale, Mission d&rsquo;\u00e9tude et de r\u00e9flexion, Rapport au ministre d&rsquo;\u00c9tat, ministre de l&rsquo;\u00c9ducation nationale, La documentation fran\u00e7aise, Paris.<\/p>\n<p>I<\/p>\n<p>Insights : museums, visitors, attitudes, expectations, a focus group experiment, 1991, Sponsored by the Getty Center for Education in the Arts and the J. Paul Getty Museum, The J. Paul Getty Trust, Los Angeles.<\/p>\n<p>J<\/p>\n<p>Janes Robert R., 1995, Museums and the paradox of change : a case study in urgent adaptation, Glenbow Museum, University of Calgary Press, Calgary.<\/p>\n<p>K<\/p>\n<p>Kotler, Neil et Kotler, Philip, 1998, Museum Strategy and Marketing, Designing Missions, Building Audiences, Generating Revenue and Resources,Jossey-Bass Publishers, San Francisco.<\/p>\n<p>Kuyvenhoven, Fransje (\u00e9d.), 2001, Topics. Developments in Dutch Museum Policy, Instituut Collectie Nederland, Amsterdam.<\/p>\n<p>L<\/p>\n<p>La culture, vecteur du d\u00e9veloppement des territoires touristiques et sportifs, 2005,\u00a0Montagnes m\u00e9diterran\u00e9ennes, n\u00b0 22, d\u00e9cembre 2005<\/p>\n<p>L&rsquo;accueil et la visite dans les mus\u00e9es, les r\u00e9f\u00e9rences de la qualit\u00e9, 1998, AFIT, DMF, AFNOR, Paris.<\/p>\n<p>L&rsquo;\u00e9valuation au service des politiques culturelles locales, \u00e9l\u00e9ments pour la r\u00e9flexion et l&rsquo;action, 1994, \u00e9dit\u00e9 par Pierre Moulinier, La documentation fran\u00e7aise, Paris.<\/p>\n<p>La privatisation des mus\u00e9es nationaux et des institutions auxiliaires aux Pays-Bas, 1994, minist\u00e8re de l&rsquo;Enseignement, de la Culture et des Sciences, Rijswijk.<\/p>\n<p>Latarjet, Bernard, 1992, L&rsquo;am\u00e9nagement culturel du territoire, DATAR, minist\u00e8re de la Culture, La documentation fran\u00e7aise, Paris.<\/p>\n<p>Le premier dimanche du mois au mus\u00e9e du Louvre, ce qui n&rsquo;a pas de prix est gratuit, 2002, Rapport d&rsquo;\u00e9valuation de la gratuit\u00e9 du dimanche 1996-2000, mus\u00e9e du Louvre, Paris.<\/p>\n<p>Le(s) publics(s) de la culture, 2003, sous la direction de Olivier Donnat, Paul Tolila, Presses de Sciences Po, Paris.<\/p>\n<p>Leniaud, Jean-Michel, 1992, L&rsquo;utopie fran\u00e7aise, essai sur le patrimoine, Meng\u00e8s, Paris.<\/p>\n<p>Les d\u00e9penses culturelles des collectivit\u00e9s territoriales en 1996, 2000, D\u00e9veloppement culturel, DEP, minist\u00e8re de la Culture, Hors s\u00e9rie, octobre 2000, Paris.<\/p>\n<p>Les d\u00e9penses culturelles des minist\u00e8res autres que le minist\u00e8re de la Culture en 1993, 1997, D\u00e9veloppement culturel, DEP, minist\u00e8re de la Culture, n\u00b0 116, mars 1997, Paris.<\/p>\n<p>Les mus\u00e9es nationaux et les collections nationales d&rsquo;\u0153uvres d&rsquo;art, 1997, Cour des comptes, rapport public particulier, les \u00e9ditions du Journal officiel, Paris.<\/p>\n<p>Les r\u00e9seaux culturels, 1997, Tourisme &amp; Mus\u00e9es, AFIT, minist\u00e8re de la Culture, Paris.<\/p>\n<p>Les sites touristiques en France m\u00e9tropolitaine &#8211; Fr\u00e9quentations 1996-1998, 1999, Observatoire national du tourisme, Analyses et perspectives du tourisme, n\u00b0 60.<\/p>\n<p>Les valeurs de l&rsquo;art, entre march\u00e9 et institutions, 2001, dossier de la revue Mouvements, n\u00b0 17, septembre-octobre 2001, La D\u00e9couverte, Paris.<\/p>\n<p>M<\/p>\n<p>MacDonald, George F. et Alsford, Stephen, 1989, Un mus\u00e9e pour le village global, mus\u00e9e canadien des Civilisations, Hull.<\/p>\n<p>Mairesse, Fran\u00e7ois, 2002, Le mus\u00e9e, temple spectaculaire, Presses universitaires de Lyon, Lyon.<\/p>\n<p>Mairesse, Fran\u00e7ois, 2003, Missions et \u00e9valuation des mus\u00e9es, L&rsquo;Harmattan, Paris.<\/p>\n<p>Malaro, Marie C., 1994, Museum governance : mission, ethics, policy, Smithsonian Institution Press.<\/p>\n<p>Martin, Fernand, avec la collaboration de Lavoie, Jean, 1993, Une m\u00e9thode d&rsquo;\u00e9valuation \u00e9conomique des mus\u00e9es, Soci\u00e9t\u00e9 des mus\u00e9es qu\u00e9b\u00e9cois, Universit\u00e9 du Qu\u00e9bec, Montr\u00e9al.<\/p>\n<p>McLean, Fiona, 1997, Marketing the museum, Routledge, Londres.<\/p>\n<p>Meek, J. (Ed.), 1992, Marketing the arts, ICOM, Paris.<\/p>\n<p>Merleau-Ponty, Claire et Ezrati, Jean-Jacques, 2005, L&rsquo;exposition, th\u00e9orie et pratique, L&rsquo;Harmattan, Paris.<\/p>\n<p>M\u00e9tivier, Val\u00e9rie, 2000, \u00c9valuation des p\u00f4les d&rsquo;\u00e9conomie du patrimoine, DATAR.<\/p>\n<p>Mironer, Lucien (avec la collaboration de P. Aumasson et C. Fourteau), 2001, Cent mus\u00e9es \u00e0 la rencontre du public, France \u00c9dition.<\/p>\n<p>Mokwa (Michael P.), Dawson (William M.), Prieve (E. Arthur) et al., 1984, Marketing the arts, Edited by Michael P. Mokwa, William M. Dawson et E. Arthur Prieve, Praeger, New York.<\/p>\n<p>Moore, Kevin (Ed.), 1999, Management in Museums, New Research in Museum Studies : an international series (7), The Ashlone Press, Londres.<\/p>\n<p>Mus\u00e9es et \u00e9conomie, Actes des troisi\u00e8mes rencontres nationales des mus\u00e9es, 1992, direction des mus\u00e9es de France, Paris.<\/p>\n<p>Mus\u00e9es et organisation, 2003, dir. C. Ball\u00e9, Culture et Mus\u00e9es, n\u00b0 2, novembre 2003.<\/p>\n<p>O<\/p>\n<p>Origet du Cluzeau, Claude, 1998, Le tourisme culturel, PUF, Paris.<\/p>\n<p>Ory-Lavoll\u00e9e, Bruno, 2002, La diffusion num\u00e9rique du patrimoine, dimension de la politique culturelle, Rapport au ministre de la Culture et de la Communication.<\/p>\n<p>P<\/p>\n<p>Patin, Val\u00e9ry, 2005, Tourisme et patrimoine, La documentation fran\u00e7aise, Paris.<\/p>\n<p>Pays d&rsquo;art et d&rsquo;histoire et P\u00f4les d&rsquo;\u00e9conomie du patrimoine, La valorisation du patrimoine dans le d\u00e9veloppement local, 2001, DATAR, La documentation fran\u00e7aise, Paris.<\/p>\n<p>Perrin, Alain-Dominique, 1986, M\u00e9c\u00e9nat fran\u00e7ais, la fin d&rsquo;un pr\u00e9jug\u00e9, Rapport g\u00e9n\u00e9ral, Fondation Cartier, Paris.<\/p>\n<p>Pillet, Yves, 1992, Valorisation du patrimoine en milieu rural, Mission interminist\u00e9rielle, Rapport aux ministres de la Culture, de l&rsquo;Agriculture, de l&rsquo;\u00c9quipement et de l&rsquo;Am\u00e9nagement du Territoire.<\/p>\n<p>Piquet, Sylv\u00e8re, Union des Annonceurs, 1985, Sponsoring et m\u00e9c\u00e9nat, la communication par l&rsquo;\u00e9v\u00e9nement, Vuibert Gestion, Paris.<\/p>\n<p>Politique et mus\u00e9es, 2002, GRMP, L&rsquo;Harmattan, Paris.<\/p>\n<p>Poulot, Dominique, 2001, Patrimoine et mus\u00e9es. L&rsquo;institution de la culture, Hachette, Paris.<\/p>\n<p>Premier rapport sur la prise en compte des aspects culturels dans l&rsquo;action de la Communaut\u00e9 europ\u00e9enne, 1996, Communication de la Commission europ\u00e9enne au Parlement europ\u00e9en, au Conseil et au Comit\u00e9 des r\u00e9gions, Commission europ\u00e9enne, EUR-OP, Bruxelles, 17 avril 1996.<\/p>\n<p>R<\/p>\n<p>Recours, Alfred, 2000, Mus\u00e9es de France, bilan et perspective, Rapport d&rsquo;information n\u00b0 2418, Commission des affaires culturelles, familiales et sociales, Assembl\u00e9e nationale.<\/p>\n<p>R\u00e9inventer les vacances, la nouvelle galaxie du tourisme, 1998, Groupe de prospective pr\u00e9sid\u00e9 par Jean Viard, La documentation fran\u00e7aise, Paris.<\/p>\n<p>Rendre plus attractif le droit des fondations, 1997, Les \u00e9tudes du Conseil d&rsquo;\u00c9tat, La documentation fran\u00e7aise.<\/p>\n<p>Review of Management Training and Development in the Museums, Galleries and Heritage Sector, 1997, CHNTO, Bradford.<\/p>\n<p>Rifkin, Jeremy, 2000, L&rsquo;\u00e2ge de l&rsquo;acc\u00e8s, la r\u00e9volution de la nouvelle \u00e9conomie, La D\u00e9couverte, Paris.<\/p>\n<p>Riou, Alain, 1993, Le droit de la culture et le droit \u00e0 la culture, ESF \u00e9diteur, Paris.<\/p>\n<p>Rizzardo, Ren\u00e9, 1990, La d\u00e9centralisation culturelle, Rapport au ministre de la Culture et de la Communication, La documentation fran\u00e7aise, Paris.<\/p>\n<p>Rochet, Claude (dir.), 2002, Les \u00e9tablissements publics nationaux : un chantier pilote pour la r\u00e9forme de l&rsquo;\u00c9tat, minist\u00e8re de la Fonction publique, de la R\u00e9forme de l&rsquo;\u00c9tat et de l&rsquo;Am\u00e9nagement du territoire, La documentation fran\u00e7aise, Paris.<\/p>\n<p>Rouet, Fran\u00e7ois (dir.), 2002, Les tarifs de la culture, La documentation fran\u00e7aise, Paris.<\/p>\n<p>Rozier, Sabine, 2001, L&rsquo;entreprise-providence, m\u00e9c\u00e9nat des entreprises et transformations de l&rsquo;action publique dans la France des ann\u00e9es 1960-2000, Th\u00e8se pour l&rsquo;obtention du doctorat de science politique, Universit\u00e9 de Paris I.<\/p>\n<p>Runyard, Sue, 1994, The Museum Marketing Handbook, HMSO.<\/p>\n<p>S<\/p>\n<p>Sarlanga, Emmanuelle, 1997, Les routes touristiques, de la conception \u00e0 l&rsquo;animation, Thematour, Collection du centre de ressources touristiques, Assembl\u00e9e des chambres fran\u00e7aises de commerce et d&rsquo;industrie, Paris.<\/p>\n<p>Sauty, Fran\u00e7ois, 2001, \u00c9comus\u00e9es et mus\u00e9es de soci\u00e9t\u00e9 au service du d\u00e9veloppement local, utopie ou r\u00e9alit\u00e9 ? Source, Centre national de ressources du tourisme en espace rural, Lempdes.<\/p>\n<p>Schaer, Roland, 1993, L&rsquo;invention des mus\u00e9es, Gallimard, R\u00e9union des mus\u00e9es nationaux, Paris.<\/p>\n<p>Schiffrin, Andr\u00e9, 1999, L&rsquo;\u00e9dition sans \u00e9diteurs, La fabrique \u00e9ditions.<\/p>\n<p>Solima, Ludovico, 1998, La gestione imprenditoriale die musei. Percorsi strategici e competitivi nel settore dei beni culturali, CEDAM, Padova.<\/p>\n<p>Solima, Ludovico, 2004, L&rsquo;impresa culturale, Processi e strumenti di gestione, Carocci editore, Roma.<\/p>\n<p>Sticht, Pamela, 2000, Culture europ\u00e9enne ou Europe des cultures ? Les enjeux actuels de la politique culturelle en Europe, L&rsquo;Harmattan, Paris.<\/p>\n<p>T<\/p>\n<p>Tardif, Jean et Farchy, Jo\u00eblle, 2006, Les enjeux de la mondialisation culturelle, Ed. Hors Commerce, Paris.<\/p>\n<p>Thompson, John MA (Ed.), 1992, The Manual of Curatorship, Butterworth-Heinemann.<\/p>\n<p>Thuriot, Fabrice, 1999, Culture et territoires, les voies de la coop\u00e9ration, L&rsquo;Harmattan, Paris.<\/p>\n<p>Thuriot, Fabrice, 2004, L&rsquo;offre artistique et patrimoniale en r\u00e9gion, proximit\u00e9 et rayonnement culturels, L&rsquo;Harmattan, Paris.<\/p>\n<p>Tobelem, Jean-Michel (dir.), 1996, Mus\u00e9es, g\u00e9rer autrement &#8211; un regard international, Observatoire des politiques culturelles, La Documentation fran\u00e7aise, Paris.<\/p>\n<p>Tobelem, Jean-Michel (dir.), 1997, Marketing et mus\u00e9es, dossier de la revue Publics et Mus\u00e9es, n\u00b0 11-12, janvier-juin 1997, juillet-d\u00e9cembre 1997, Presses universitaires de Lyon.<\/p>\n<p>Tobelem, Jean-Michel (dir.), 2000, L&rsquo;image et les mus\u00e9es, Champs Visuels, n\u00b0 14, avril 2000, L&rsquo;Harmattan.<\/p>\n<p>Tobelem, Jean-Michel (dir.), 2005, La culture mise \u00e0 prix. La tarification dans les sites culturels, L&rsquo;Harmattan, Paris.<\/p>\n<p>Tobelem, Jean-Michel, 1990, Mus\u00e9es et culture, le financement \u00e0 l&rsquo;am\u00e9ricaine, PUL, Lyon.<\/p>\n<p>Tobelem, Jean-Michel, 1998, \u00a0\u00bb The Marketing Approach in Museums \u00ab\u00a0, Museum Management and Curatorship, vol. 16, n\u00b0 4-1997, Pergamon.<\/p>\n<p>Tobelem, Jean-Michel, 2010 (2\u00e8me \u00e9dition), Le nouvel \u00e2ge des mus\u00e9es, les institutions culturelles au d\u00e9fi de la gestion, Armand Colin, Paris.<\/p>\n<p>Tourisme et mus\u00e9es : diagnostic sur neuf villes de France, 1997, AFIT &#8211; DMF, juillet 1997.<\/p>\n<p>Tourisme urbain, tourisme en devenir, 1998, AFIT Infos, La lettre de l&rsquo;Agence fran\u00e7aise de l&rsquo;ing\u00e9nierie touristique, n\u00b0 11, septembre 1998.<\/p>\n<p>U<\/p>\n<p>Un projet culturel pour chaque mus\u00e9e, 1992, direction des mus\u00e9es de France, minist\u00e8re de la Culture, Paris.<\/p>\n<p>V<\/p>\n<p>Vagues, Une anthologie de la nouvelle mus\u00e9ologie, t.1, 1992 et t.2, 1994, collection museologia, PUL, Lyon.<\/p>\n<p>Vasiliu, Mariana, 1994, L&rsquo;analyse \u00e9conomique des mus\u00e9es : contribution \u00e0 l&rsquo;\u00e9valuation des acquisitions, th\u00e8se de doctorat de science \u00e9conomique, Universit\u00e9 de Bourgogne, Dijon.<\/p>\n<p>W<\/p>\n<p>Warnier, Jean-Pierre, 1999, La mondialisation de la culture, La d\u00e9couverte, Paris.<\/p>\n<p>Weil Stephen E., 1983, Beauty and the beasts, on museums, art, the law and the market, Smithsonian Institution Press, Washington, D.C.<\/p>\n<p>Weil, Stephen E., 1990, Rethinking the Museum and Other Meditations, Smithsonian Institution Press, Washington, D.C.<\/p>\n<p>Weil, Stephen E., 1995, A Cabinet of Curiosities : Inquiries into Museums and their Prospects, Smithsonian Institution Press, Washington, D.C.<\/p>\n<p>Wireman, Peggy, 1997, Partnerships for Prosperity : Museums and Economic Development, American Association of Museums, Washington, D.C.<\/p>\n<p style=\"text-align: right;\">\n<p style=\"text-align: right;\">Jean-Michel Tobelem<\/p>\n","protected":false},"excerpt":{"rendered":"<p>Publications relatives \u00e0 la gestion des mus\u00e9es, du patrimoine et de la culture A Alexander, Victoria D., 1996, Museums and Money, The Impact of Funding on Exhibitions, Scholarship, and Management, Indiana University Press, Bloomington et Indianapolis. Allinne, Jean-Pierre et Carrier, Renaud (dir.), 2006, G\u00e9rer la culture en r\u00e9gion. Les pratiques des collectivit\u00e9s territoriales en France, [&hellip;]<\/p>\n","protected":false},"author":2,"featured_media":0,"parent":3941,"menu_order":3,"comment_status":"closed","ping_status":"open","template":"","meta":{"footnotes":""},"class_list":["post-3955","page","type-page","status-publish","hentry"],"_links":{"self":[{"href":"https:\/\/www.option-culture.com\/index.php?rest_route=\/wp\/v2\/pages\/3955","targetHints":{"allow":["GET"]}}],"collection":[{"href":"https:\/\/www.option-culture.com\/index.php?rest_route=\/wp\/v2\/pages"}],"about":[{"href":"https:\/\/www.option-culture.com\/index.php?rest_route=\/wp\/v2\/types\/page"}],"author":[{"embeddable":true,"href":"https:\/\/www.option-culture.com\/index.php?rest_route=\/wp\/v2\/users\/2"}],"replies":[{"embeddable":true,"href":"https:\/\/www.option-culture.com\/index.php?rest_route=%2Fwp%2Fv2%2Fcomments&post=3955"}],"version-history":[{"count":8,"href":"https:\/\/www.option-culture.com\/index.php?rest_route=\/wp\/v2\/pages\/3955\/revisions"}],"predecessor-version":[{"id":4865,"href":"https:\/\/www.option-culture.com\/index.php?rest_route=\/wp\/v2\/pages\/3955\/revisions\/4865"}],"up":[{"embeddable":true,"href":"https:\/\/www.option-culture.com\/index.php?rest_route=\/wp\/v2\/pages\/3941"}],"wp:attachment":[{"href":"https:\/\/www.option-culture.com\/index.php?rest_route=%2Fwp%2Fv2%2Fmedia&parent=3955"}],"curies":[{"name":"wp","href":"https:\/\/api.w.org\/{rel}","templated":true}]}}