{"id":3939,"date":"2011-07-24T23:24:39","date_gmt":"2011-07-24T21:24:39","guid":{"rendered":"http:\/\/blog.option.culture.future.marrot.org\/?page_id=3939"},"modified":"2012-08-21T14:50:03","modified_gmt":"2012-08-21T12:50:03","slug":"la-gestion-de-la-culture","status":"publish","type":"page","link":"https:\/\/www.option-culture.com\/?page_id=3939","title":{"rendered":"La gestion de la culture"},"content":{"rendered":"<h2>Institutions ou \u00ab\u00a0entreprises\u00a0\u00bb culturelles ?<\/h2>\n<p>Les mus\u00e9es, les monuments, les centres culturels ou encore les biblioth\u00e8ques ne sont pas des entreprises, n&rsquo;ayant ni actionnaires ni objectif de profit.<\/p>\n<p>N\u00e9anmoins, comme toute organisation &#8211; et toute organisation publique en particulier (\u00e0 l&rsquo;instar des universit\u00e9s ou des h\u00f4pitaux) &#8211; ces institutions culturelles doivent \u00eatre bien \u00ab\u00a0g\u00e9r\u00e9es\u00a0\u00bb.<\/p>\n<p>Cela implique la r\u00e9alisation prioritaire des missions de l&rsquo;institution (scientifique, culturelle, p\u00e9dagogique, sociale, touristique\u2026) avec la meilleure utilisation possible des moyens humains, techniques et financiers disponibles, y compris gr\u00e2ce \u00e0 l&rsquo;apport de partenariats et de coop\u00e9rations.<\/p>\n<p>La r\u00e9ussite d&rsquo;un \u00e9quipement culturel se mesure par ailleurs \u00e0 son degr\u00e9 d&rsquo;insertion dans son territoire, \u00e0 l&rsquo;\u00e9gard des publics de proximit\u00e9 (les autres seront attir\u00e9s par le rayonnement de l&rsquo;institution), du tissu culturel et associatif local, des op\u00e9rateurs touristiques et des entreprises.<\/p>\n<p>N&rsquo;oublions pas non plus les conditions d&rsquo;accueil, qu&rsquo;il s&rsquo;agisse de l&rsquo;offre de service (espaces de confort et de repos, commodit\u00e9s diverses, voire boutique et\/ou caf\u00e9t\u00e9ria), les propositions d&rsquo;animations et d&rsquo;\u00e9v\u00e9nements, les modalit\u00e9s d&rsquo;acc\u00e8s et de fid\u00e9lisation, etc.<\/p>\n<p>Outre leur connaissance des publics et de la m\u00e9diation culturelle, les responsables d&rsquo;institutions culturelles peuvent analyser le fonctionnement de sites existants comparables et ils ont int\u00e9r\u00eat &#8211; en tout \u00e9tat de cause &#8211; \u00e0 s&rsquo;appuyer sur une connaissance directe et approfondie de leurs publics actuels et potentiels \u00e0 travers la r\u00e9alisation r\u00e9guli\u00e8re d&rsquo;\u00e9tudes et d&rsquo;\u00e9valuations.<\/p>\n<p>Certains \u00e9lus continuent cependant \u00e0 exprimer des r\u00e9serves concernant la direction des \u00e9quipements culturels publics par des sp\u00e9cialistes du domaine consid\u00e9r\u00e9 plut\u00f4t que par des \u00ab\u00a0gestionnaires\u00a0\u00bb : manque de vision strat\u00e9gique, d\u00e9faillance dans la gestion des ressources humaines, absence de perspective claire de croissance et de participation au d\u00e9veloppement du territoire, m\u00e9fiance \u00e0 l&rsquo;\u00e9gard du secteur touristique, timidit\u00e9 envers le m\u00e9c\u00e9nat, etc.<\/p>\n<p>Face \u00e0 ce constat, la question principale reste de d\u00e9velopper des m\u00e9thodes et des savoir-faire permettant d&rsquo;assurer un fonctionnement plus efficace et une meilleure inscription territoriale du site culturel.<\/p>\n<p>Autrement dit, il ne s&rsquo;agit pas de transposer sans recul ni r\u00e9flexion les outils de gestion des entreprises, mais bien de d\u00e9finir les contours d&rsquo;un management public adapt\u00e9 aux missions sp\u00e9cifiques des sites culturels, en mati\u00e8re de pilotage strat\u00e9gique, de financement, d&rsquo;organisation, de d\u00e9marche qualit\u00e9, de marketing et d&rsquo;\u00e9valuation des performances.<\/p>\n<p>\u00c0 d\u00e9faut, on se priverait d&rsquo;un outil puissant de politique publique dans les domaines scientifique, culturel, \u00e9ducatif, social, touristique, \u00e9conomique et de communication.<\/p>\n<p>&nbsp;<\/p>\n<h2>Le management de la culture<\/h2>\n<p>Le management dans le domaine culturel peut \u00eatre d\u00e9fini comme le processus de changement permettant \u00e0 une organisation d&rsquo;atteindre les objectifs qu&rsquo;elle s&rsquo;est fix\u00e9s pour se conformer \u00e0 sa mission (son projet culturel, scientifique ou artistique).<\/p>\n<p>Il revient \u00e0 cet \u00e9gard au chef d&rsquo;\u00e9tablissement d&rsquo;agir sur deux plans : en interne, il doit mettre en \u0153uvre les changements requis \u00e0 l&rsquo;int\u00e9rieur de son organisation ; \u00e0 l&rsquo;ext\u00e9rieur de cette derni\u00e8re, il doit convaincre de l&rsquo;int\u00e9r\u00eat de son projet les tutelles, partenaires, acteurs locaux et \u00ab\u00a0publics\u00a0\u00bb au sens large du terme.<\/p>\n<p>On con\u00e7oit ainsi \u00e0 quel point il est d\u00e9licat d&rsquo;\u00eatre \u00e0 la fois un sp\u00e9cialiste dans un domaine culturel sp\u00e9cifique et un \u00ab\u00a0manager\u00a0\u00bb apte \u00e0 piloter une organisation complexe.<\/p>\n<p>Cela requiert en effet des qualit\u00e9s permettant d&rsquo;optimiser les ressources humaines, techniques et financi\u00e8res de l&rsquo;organisation culturelle ; la formation (initiale et continue) constituant sans doute l&rsquo;une des r\u00e9ponses appropri\u00e9es pour faire face \u00e0 ce d\u00e9fi.<\/p>\n<p>Le management n&rsquo;est donc pas une fin en soi : c&rsquo;est un outil qui permet de faire le meilleur usage des moyens disponibles pour permettre \u00e0 l&rsquo;organisation d&rsquo;accomplir sa mission.<\/p>\n<p>Sinon, on pourrait reprocher aux responsables de l&rsquo;organisation culturelle de ne pas faire le meilleur usage des ressources mises \u00e0 leur disposition, les subventions publiques en particulier.<\/p>\n<p>C&rsquo;est ce qui permet d&rsquo;affirmer que toute institution culturelle doit \u00eatre bien \u00ab\u00a0g\u00e9r\u00e9e\u00a0\u00bb, \u00e0 l&rsquo;instar d&rsquo;une universit\u00e9 ou d&rsquo;un h\u00f4pital.<\/p>\n<p>Par ailleurs, la ma\u00eetrise des comp\u00e9tences manag\u00e9riales se r\u00e9v\u00e8le pr\u00e9cieuse dans un contexte de \u00ab\u00a0concurrence\u00a0\u00bb (en termes de subvention, de don et de public) &#8211; \u00e0 l&rsquo;int\u00e9rieur du secteur culturel et vis-\u00e0-vis du monde des loisirs, du tourisme et du divertissement.<\/p>\n<p>Enfin, on peut \u00eatre certain qu&rsquo;il sera de plus en plus demand\u00e9 aux responsables d&rsquo;institutions, d&rsquo;\u00e9v\u00e9nements ou d&rsquo;\u00e9quipements culturels de \u00ab\u00a0rendre compte\u00a0\u00bb de leurs activit\u00e9s, de justifier l&#8217;emploi des fonds qui leur sont accord\u00e9s, de faire preuve d&rsquo;efficacit\u00e9 et d&rsquo;efficience, et de d\u00e9montrer qu&rsquo;ils conduisent des d\u00e9marches de contr\u00f4le de l&rsquo;utilisation de leurs ressources et d&rsquo;\u00e9valuation de leurs programmes.<\/p>\n<p>Les comp\u00e9tences \u00e0 acqu\u00e9rir ou \u00e0 d\u00e9velopper dans ce domaine concernent notamment les aspects suivants : la strat\u00e9gie et la planification, la gestion des ressources humaines et la motivation du personnel, la conduite du changement, le marketing et la collecte de fonds.<\/p>\n<p>La formation \u00e0 la gestion et au management constitue en d\u00e9finitive un grand chantier d&rsquo;avenir pour les organisations culturelles.<\/p>\n<p align=\"right\">Jean-Michel Tobelem<\/p>\n","protected":false},"excerpt":{"rendered":"<p>Institutions ou \u00ab\u00a0entreprises\u00a0\u00bb culturelles ? Les mus\u00e9es, les monuments, les centres culturels ou encore les biblioth\u00e8ques ne sont pas des entreprises, n&rsquo;ayant ni actionnaires ni objectif de profit. N\u00e9anmoins, comme toute organisation &#8211; et toute organisation publique en particulier (\u00e0 l&rsquo;instar des universit\u00e9s ou des h\u00f4pitaux) &#8211; ces institutions culturelles doivent \u00eatre bien \u00ab\u00a0g\u00e9r\u00e9es\u00a0\u00bb. Cela [&hellip;]<\/p>\n","protected":false},"author":2,"featured_media":0,"parent":3941,"menu_order":0,"comment_status":"closed","ping_status":"closed","template":"","meta":{"footnotes":""},"class_list":["post-3939","page","type-page","status-publish","hentry"],"_links":{"self":[{"href":"https:\/\/www.option-culture.com\/index.php?rest_route=\/wp\/v2\/pages\/3939","targetHints":{"allow":["GET"]}}],"collection":[{"href":"https:\/\/www.option-culture.com\/index.php?rest_route=\/wp\/v2\/pages"}],"about":[{"href":"https:\/\/www.option-culture.com\/index.php?rest_route=\/wp\/v2\/types\/page"}],"author":[{"embeddable":true,"href":"https:\/\/www.option-culture.com\/index.php?rest_route=\/wp\/v2\/users\/2"}],"replies":[{"embeddable":true,"href":"https:\/\/www.option-culture.com\/index.php?rest_route=%2Fwp%2Fv2%2Fcomments&post=3939"}],"version-history":[{"count":9,"href":"https:\/\/www.option-culture.com\/index.php?rest_route=\/wp\/v2\/pages\/3939\/revisions"}],"predecessor-version":[{"id":4833,"href":"https:\/\/www.option-culture.com\/index.php?rest_route=\/wp\/v2\/pages\/3939\/revisions\/4833"}],"up":[{"embeddable":true,"href":"https:\/\/www.option-culture.com\/index.php?rest_route=\/wp\/v2\/pages\/3941"}],"wp:attachment":[{"href":"https:\/\/www.option-culture.com\/index.php?rest_route=%2Fwp%2Fv2%2Fmedia&parent=3939"}],"curies":[{"name":"wp","href":"https:\/\/api.w.org\/{rel}","templated":true}]}}