{"id":3931,"date":"2011-07-24T23:04:43","date_gmt":"2011-07-24T21:04:43","guid":{"rendered":"http:\/\/blog.option.culture.future.marrot.org\/?page_id=3931"},"modified":"2012-08-23T10:01:47","modified_gmt":"2012-08-23T08:01:47","slug":"references-par-type-de-commanditaire","status":"publish","type":"page","link":"https:\/\/www.option-culture.com\/?page_id=3931","title":{"rendered":"R\u00e9f\u00e9rences par type de commanditaire"},"content":{"rendered":"<h2>Communes<a name=\"commune\"><\/a><\/h2>\n<p>Ville de <strong>Blagnac<\/strong> : diagnostic de fonctionnement et d\u00e9veloppement du conservatoire de musique et de danse et enqu\u00eate aupr\u00e8s des usagers ; pr\u00e9conisations (projet d&rsquo;\u00e9tablissement, organisation, locaux).<\/p>\n<p>Ville de <strong>Caen<\/strong> : \u00e9valuation du programme de cr\u00e9ation artistique A CAEN LA PAIX en lien avec la politique culturelle municipale.<\/p>\n<p>Ville de <strong>La Courneuve<\/strong> : audit et perspectives de d\u00e9veloppement de l&rsquo;\u00e9comus\u00e9e des cultures mara\u00eech\u00e8res.<\/p>\n<p>Ville de <strong>N\u00e9ris-les-Bains<\/strong> : \u00e9tude de faisabilit\u00e9 pour la mise en valeur du site arch\u00e9ologique de Cheberne.<\/p>\n<p>Ville de <strong>Reims<\/strong> : mission d&rsquo;organisation des mus\u00e9es municipaux.<\/p>\n<p>Ville de <strong>Sarrebourg<\/strong> : \u00e9tude sc\u00e9nographique de la chapelle des Cordeliers et du vitrail de Chagall.<\/p>\n<h2>Intercommunalit\u00e9s et pays<a name=\"interco\"><\/a><\/h2>\n<p>Communaut\u00e9 d&rsquo;agglom\u00e9ration de <strong>Saint-\u00c9tienne M\u00e9tropole<\/strong>\u00a0: \u00e9tude d&rsquo;opportunit\u00e9 et de positionnement en vue de l&rsquo;adoption d&rsquo;une comp\u00e9tence culturelle en mati\u00e8re d&rsquo;enseignement et de spectacle vivant.<\/p>\n<p>Communaut\u00e9 de communes de la r\u00e9gion d&rsquo;<strong>Audruicq <\/strong>: \u00e9tude de faisabilit\u00e9 d&rsquo;une maison de pays sur le th\u00e8me de la chicor\u00e9e.<\/p>\n<p>Communaut\u00e9 de communes de <strong>Roissy-en-France<\/strong> : diagnostic culturel et patrimonial de 11 communes.<\/p>\n<p>Communaut\u00e9 de communes des <strong>C\u00f4tes de Combrailles<\/strong>\u00a0: \u00e9laboration d&rsquo;un sch\u00e9ma de d\u00e9veloppement culturel intercommunal sur le territoire de la communaut\u00e9 de communes ; opportunit\u00e9 d&rsquo;un \u00e9quipement ; projet de p\u00f4le culturel structurant.<\/p>\n<p>Communaut\u00e9 de communes du <strong>pays Gentiane<\/strong>\u00a0: projet culturel de territoire et programmation d&rsquo;un \u00e9quipement structurant \u00e0 l&rsquo;\u00e9chelle du nord Cantal.<\/p>\n<p>Communaut\u00e9 de communes du <strong>Plateau de Mormal<\/strong> : diagnostic pour un projet culturel de territoire de 3 communaut\u00e9s de communes.<\/p>\n<p>Pays <strong>Beauce G\u00e2tinais<\/strong> : \u00e9laboration d&rsquo;une \u00ab\u00a0m\u00e9thodologie de diagnostic des ressources culturelles\u00a0\u00bb, formation \u00e0 la m\u00e9thode et accompagnement de la cr\u00e9ation d&rsquo;un observatoire culturel dans le cadre de la charte de d\u00e9veloppement.<\/p>\n<p>Pays de <strong>Foug\u00e8res<\/strong> : audit culturel du territoire.<\/p>\n<h2>Conseils g\u00e9n\u00e9raux et chambres consulaires<a name=\"cg\"><\/a><\/h2>\n<p><strong>Chambre de M\u00e9tiers de la Haute-Loire<\/strong> : \u00e9tude de d\u00e9finition d&rsquo;une maison de la Pierre.<\/p>\n<p>Conseil g\u00e9n\u00e9ral de l&rsquo;<strong>Aisne<\/strong> : note juridique relative au Familist\u00e8re de Guise.<\/p>\n<p>Conseil g\u00e9n\u00e9ral de la <strong>Haute-Loire<\/strong> et DRAC d&rsquo;Auvergne : programme de stages de formation aboutissant \u00e0 la publication d&rsquo;un ouvrage de r\u00e9f\u00e9rence.<\/p>\n<p>Conseil g\u00e9n\u00e9ral de <strong>Meurthe-et-Moselle<\/strong> : \u00e9tude de d\u00e9finition pour le ch\u00e2teau de Lun\u00e9ville.<\/p>\n<p>Conseil g\u00e9n\u00e9ral de <strong>Vend\u00e9e<\/strong> : \u00e9tude comparative de 15 \u00e9quipements mus\u00e9ographiques.<\/p>\n<p>Conseil g\u00e9n\u00e9ral des <strong>Alpes de Haute-Provence<\/strong> : \u00e9tude de fr\u00e9quentation et d&rsquo;exploitation pr\u00e9visionnelle du mus\u00e9e de Pr\u00e9histoire des Gorges du Verdon.<\/p>\n<p>Conseil g\u00e9n\u00e9ral du <strong>Haut-Rhin<\/strong> : \u00e9valuation de partenariats mis en \u0153uvre dans le cadre de la politique d\u00e9partementale pour l&rsquo;action culturelle.<\/p>\n<p>Conseil g\u00e9n\u00e9ral du <strong>Lot<\/strong> : \u00e9tude de d\u00e9finition d&rsquo;un plan d&rsquo;interpr\u00e9tation d&rsquo;espaces naturels sensibles.<\/p>\n<h2>Conseils r\u00e9gionaux, agences r\u00e9gionales et Parcs naturels r\u00e9gionaux<a name=\"cr\"><\/a><\/h2>\n<p><strong>Agence R\u00e9gionale du Patrimoine de Picardie<\/strong> (ARRP) : audit des ressources humaines.<\/p>\n<p><strong>Office r\u00e9gional culturel<\/strong> <strong>Champagne-Ardenne<\/strong> et DRAC : animation de groupes de travail, dans la perspective du contrat de plan.<\/p>\n<p><strong>Parc Naturel R\u00e9gional du Morvan<\/strong>, DRAC et r\u00e9gion Bourgogne : audit de l&rsquo;\u00e9comus\u00e9e du Morvan.<\/p>\n<p>R\u00e9gion <strong>Bourgogne<\/strong> : \u00e9valuation prospective de la politique culturelle du conseil r\u00e9gional de Bourgogne.<\/p>\n<p>R\u00e9gion <strong>Midi-Pyr\u00e9n\u00e9es<\/strong> : \u00e9tude comparative des politiques r\u00e9gionales de la culture et \u00e9valuation des dispositifs d&rsquo;accompagnement et de soutien des territoires dans l&rsquo;organisation de leur projet culturel.<\/p>\n<h2>\u00c9tat (DRAC, minist\u00e8res, \u00e9tablissements publics)<a name=\"etat\"><\/a><\/h2>\n<p><strong>DRAC de Picardie<\/strong> : inventaire critique des mus\u00e9es locaux et des lieux d&rsquo;exposition permanents de la r\u00e9gion.<\/p>\n<p><strong>DRAC <\/strong>et Agence r\u00e9gionale du Patrimoine de<strong> Picardie<\/strong> : mise en valeur et organisation d&rsquo;un r\u00e9seau des maisons d&rsquo;\u00e9crivains et des lieux de m\u00e9moire litt\u00e9raire.<\/p>\n<p><strong>DRAC Languedoc-Roussillon<\/strong> et DATAR : audit de la r\u00e9gie intercommunale g\u00e9rant le Pays d&rsquo;Art et d&rsquo;histoire de la Vall\u00e9e de la T\u00eat et du P\u00f4le d&rsquo;\u00e9conomie du patrimoine Catalogne baroque.<\/p>\n<p><strong>Minist\u00e8re de la Culture<\/strong> : \u00e9tude des publics des villes et pays d&rsquo;art et d&rsquo;histoire.<\/p>\n<p><strong>Minist\u00e8re de la Culture <\/strong>: \u00e9tude qualitative du public du Domaine de Chambord.<\/p>\n<p><strong>Minist\u00e8re de la Culture<\/strong> : \u00e9tude sur le poids \u00e9conomique des mus\u00e9es.<\/p>\n<p><strong>Minist\u00e8re de la Culture<\/strong> : \u00e9tude sur les \u00ab\u00a0Bassins patrimoniaux\u00a0\u00bb de la r\u00e9gion Basse-Normandie.<\/p>\n<p><strong>Minist\u00e8re de la Culture<\/strong> : \u00e9tude sur les publics et les utilisations du patrimoine \u00e9crit des biblioth\u00e8ques municipales.<\/p>\n<p><strong>Minist\u00e8re de la Culture<\/strong> : \u00e9tude\u00a0sur la notion d&rsquo;\u00e9quipement culturel \u00ab\u00a0structurant\u00a0\u00bb.<\/p>\n<p><strong>RMN<\/strong> (R\u00e9union des mus\u00e9es nationaux) : \u00e9tude des visiteurs d&rsquo;une exposition \u00e0 Tours.<\/p>\n<h2>\u00c9quipements culturels et touristiques<a name=\"equicultu\"><\/a><\/h2>\n<p><strong>Saint-Michel l&rsquo;Observatoire<\/strong> : \u00e9tude de d\u00e9veloppement du centre d&rsquo;astronomie.<\/p>\n<p><strong>Castres<\/strong> : \u00e9tude des publics et d&rsquo;impact du mus\u00e9e Goya.<\/p>\n<p><strong>Cit\u00e9 de l&rsquo;Architecture et du Patrimoine<\/strong> : \u00e9tudes des publics.<\/p>\n<p><strong>\u00c9comus\u00e9e <\/strong>de la r\u00e9gion de <strong>Fourmies-Tr\u00e9lon en Avesnois<\/strong> : diagnostic et plan pour le d\u00e9veloppement de l&rsquo;offre et des publics ; organisation de l&rsquo;association.<\/p>\n<p><strong>Harcourt<\/strong> : \u00e9tude de faisabilit\u00e9 d&rsquo;un centre d&rsquo;interpr\u00e9tation de l&rsquo;histoire m\u00e9di\u00e9vale normande.<\/p>\n<p><strong>Marly-Louveciennes<\/strong> : expertise du projet financier du mus\u00e9e-promenade.<\/p>\n<p><strong>Mus\u00e9e du Louvre<\/strong> : \u00e9tude qualitative des publics potentiels du d\u00e9partement des Arts de l&rsquo;Islam et cartographie des r\u00e9seaux de partenaires.<\/p>\n<p><strong>Nantes<\/strong> : \u00e9tude qualitative et quantitative des publics du ch\u00e2teau des Ducs de Bretagne.<\/p>\n<p><strong>Radio France Internationale<\/strong> : \u00e9tudes qualitatives et quantitatives des auditoires.<\/p>\n<p><strong>Saint-Paul-Trois-Ch\u00e2teaux<\/strong> : \u00e9tude des publics et d&rsquo;impact \u00e9conomique du mus\u00e9e.<\/p>\n<p><strong>Villeneuve d&rsquo;Ascq<\/strong> : expertise relative \u00e0 la politique tarifaire du CCSTI \/ Forum des sciences.<\/p>\n<p><strong>Wambrechies<\/strong> : \u00e9tude d&rsquo;un projet culturel et touristique concernant la distillerie.<\/p>\n<h2>Organismes touristiques<a name=\"orgatouristique\"><\/a><\/h2>\n<p><strong>Agence fran\u00e7aise de l&rsquo;Ing\u00e9nierie touristique<\/strong> : guide sur l&rsquo;usage du concept d&rsquo;interpr\u00e9tation (Marie-Odile de Bary).<\/p>\n<p><strong>Comit\u00e9 d\u00e9partemental du tourisme de la C\u00f4te d&rsquo;Or<\/strong> : enqu\u00eate sur la client\u00e8le des mus\u00e9es et des monuments du d\u00e9partement.<\/p>\n<p><strong>Minist\u00e8re du Tourisme<\/strong> (AFIT\/ODIT France) : \u00e9tude sur la gestion des sites culturels en Europe (7 pays).<\/p>\n<p><strong>Office de tourisme du pays d&rsquo;Alen\u00e7on<\/strong> : \u00e9tude de d\u00e9veloppement du tourisme religieux et enqu\u00eate aupr\u00e8s des publics (Lisieux et Alen\u00e7on).<\/p>\n<h2>Autres<a name=\"autres\"><\/a><\/h2>\n<p><strong>Association des Conservateurs du Nord &#8211; Pas de Calais<\/strong> : animation d&rsquo;un s\u00e9minaire et r\u00e9daction d&rsquo;un document de synth\u00e8se pour les partenaires et les \u00e9lus.<\/p>\n<p><strong>Commission europ\u00e9enne<\/strong> (DG V) : expertise concernant la cr\u00e9ation d&#8217;emplois dans les mus\u00e9es en Europe (Projet NEMUS).<\/p>\n<p><strong>Conseil Loisirs Europe<\/strong> : \u00e9tude qualitative et quantitative des publics potentiels d&rsquo;un lieu d&rsquo;interpr\u00e9tation et d&rsquo;animation dans le Limousin.<\/p>\n<p><strong>Imprimerie nationale <\/strong>: expertise d&rsquo;un projet de c\u00e9d\u00e9rom.<\/p>\n<p><strong>NordSud<\/strong> : strat\u00e9gie de recherche de financement d&rsquo;une exposition pour le compte de l&rsquo;entreprise.<\/p>\n<p><strong>Observatoire des Politiques culturelles<\/strong> (Grenoble) : pr\u00e9paration d&rsquo;un colloque international et coordination de l&rsquo;ouvrage issu de la conf\u00e9rence.<\/p>\n<p>&nbsp;<\/p>\n","protected":false},"excerpt":{"rendered":"<p>Communes Ville de Blagnac : diagnostic de fonctionnement et d\u00e9veloppement du conservatoire de musique et de danse et enqu\u00eate aupr\u00e8s des usagers ; pr\u00e9conisations (projet d&rsquo;\u00e9tablissement, organisation, locaux). Ville de Caen : \u00e9valuation du programme de cr\u00e9ation artistique A CAEN LA PAIX en lien avec la politique culturelle municipale. Ville de La Courneuve : audit [&hellip;]<\/p>\n","protected":false},"author":2,"featured_media":0,"parent":3920,"menu_order":0,"comment_status":"closed","ping_status":"closed","template":"","meta":{"footnotes":""},"class_list":["post-3931","page","type-page","status-publish","hentry"],"_links":{"self":[{"href":"https:\/\/www.option-culture.com\/index.php?rest_route=\/wp\/v2\/pages\/3931","targetHints":{"allow":["GET"]}}],"collection":[{"href":"https:\/\/www.option-culture.com\/index.php?rest_route=\/wp\/v2\/pages"}],"about":[{"href":"https:\/\/www.option-culture.com\/index.php?rest_route=\/wp\/v2\/types\/page"}],"author":[{"embeddable":true,"href":"https:\/\/www.option-culture.com\/index.php?rest_route=\/wp\/v2\/users\/2"}],"replies":[{"embeddable":true,"href":"https:\/\/www.option-culture.com\/index.php?rest_route=%2Fwp%2Fv2%2Fcomments&post=3931"}],"version-history":[{"count":6,"href":"https:\/\/www.option-culture.com\/index.php?rest_route=\/wp\/v2\/pages\/3931\/revisions"}],"predecessor-version":[{"id":4884,"href":"https:\/\/www.option-culture.com\/index.php?rest_route=\/wp\/v2\/pages\/3931\/revisions\/4884"}],"up":[{"embeddable":true,"href":"https:\/\/www.option-culture.com\/index.php?rest_route=\/wp\/v2\/pages\/3920"}],"wp:attachment":[{"href":"https:\/\/www.option-culture.com\/index.php?rest_route=%2Fwp%2Fv2%2Fmedia&parent=3931"}],"curies":[{"name":"wp","href":"https:\/\/api.w.org\/{rel}","templated":true}]}}