{"id":3929,"date":"2011-07-24T23:02:12","date_gmt":"2011-07-24T21:02:12","guid":{"rendered":"http:\/\/blog.option.culture.future.marrot.org\/?page_id=3929"},"modified":"2012-06-10T22:06:24","modified_gmt":"2012-06-10T20:06:24","slug":"references-par-type-dintervention","status":"publish","type":"page","link":"https:\/\/www.option-culture.com\/?page_id=3929","title":{"rendered":"R\u00e9f\u00e9rences par type d&rsquo;intervention"},"content":{"rendered":"<h2>Politiques culturelles<a name=\"polcultu\"><\/a><\/h2>\n<p>&nbsp;<\/p>\n<p>Agence R\u00e9gionale du Patrimoine de Picardie (ARRP) : audit des ressources humaines et r\u00e9organisation de la structure.<\/p>\n<p>Commission europ\u00e9enne (DG V) : expertise concernant la cr\u00e9ation d&#8217;emplois dans les mus\u00e9es en Europe (Projet NEMUS).<\/p>\n<p>Communaut\u00e9 d&rsquo;agglom\u00e9ration de Saint-\u00c9tienne M\u00e9tropole : \u00e9tude d&rsquo;opportunit\u00e9 et de positionnement en vue de l&rsquo;adoption d&rsquo;une comp\u00e9tence culturelle en mati\u00e8re d&rsquo;enseignement et de spectacle vivant.<\/p>\n<p>Communaut\u00e9 de Commune du pays Gentiane : projet culturel de territoire et programmation d&rsquo;un \u00e9quipement structurant \u00e0 l&rsquo;\u00e9chelle du nord Cantal.<\/p>\n<p>Communaut\u00e9 de communes de Roissy-en-France : diagnostic culturel et patrimonial de 11 communes.<\/p>\n<p>Communaut\u00e9 de communes des C\u00f4tes de Combrailles : \u00e9laboration d&rsquo;un sch\u00e9ma de d\u00e9veloppement culturel intercommunal sur le territoire de la communaut\u00e9 de communes ; opportunit\u00e9 d&rsquo;un \u00e9quipement, projet de \u00a0\u00bb p\u00f4le culturel \u00a0\u00bb structurant.<\/p>\n<p>Communaut\u00e9 de communes du Plateau de Mormal : diagnostic pour un projet culturel de territoire de 3 communaut\u00e9s de communes.<\/p>\n<p>Conseil g\u00e9n\u00e9ral du Haut-Rhin : \u00e9valuation de partenariats mis en \u0153uvre dans le cadre de la politique d\u00e9partementale pour l&rsquo;action culturelle.<\/p>\n<p>DRAC Languedoc-Roussillon et DATAR : audit de la r\u00e9gie intercommunale g\u00e9rant le Pays d&rsquo;Art et d&rsquo;histoire de la Vall\u00e9e de la T\u00eat et du P\u00f4le d&rsquo;\u00e9conomie du patrimoine Catalogne baroque.<\/p>\n<p>Parc Naturel R\u00e9gional du Morvan, DRAC et r\u00e9gion Bourgogne : audit de l&rsquo;\u00e9comus\u00e9e du Morvan.<\/p>\n<p>Pays Beauce G\u00e2tinais : \u00e9laboration d&rsquo;une \u00ab\u00a0m\u00e9thodologie de diagnostic des ressources culturelles\u00a0\u00bb, formation \u00e0 la m\u00e9thode et accompagnement de la cr\u00e9ation d&rsquo;un observatoire culturel dans le cadre de la charte de d\u00e9veloppement.<\/p>\n<p>Pays de Foug\u00e8res\u00a0: audit culturel concernant tous les champs culturels.<\/p>\n<p>R\u00e9gion Bourgogne : \u00e9valuation prospective de la politique culturelle du conseil r\u00e9gional de Bourgogne.<\/p>\n<p>R\u00e9gion Midi-Pyr\u00e9n\u00e9es : \u00e9tude comparative des politiques r\u00e9gionales de la culture et \u00e9valuation des dispositifs d&rsquo;accompagnement et de soutien des territoires dans l&rsquo;organisation de leur projet culturel.<\/p>\n<p>Ville de Blagnac : diagnostic de fonctionnement et d\u00e9veloppement du conservatoire de musique et de danse et enqu\u00eate aupr\u00e8s des usagers ; pr\u00e9conisations (projet d&rsquo;\u00e9tablissement, organisation, locaux).<\/p>\n<p>Ville de Caen : \u00e9valuation du programme de cr\u00e9ation artistique A CAEN LA PAIX en lien avec la politique culturelle municipale.<\/p>\n<p>&nbsp;<\/p>\n<h2>Projets culturels<a name=\"procultu\"><\/a><\/h2>\n<p>&nbsp;<\/p>\n<p>Agence fran\u00e7aise de l&rsquo;Ing\u00e9nierie touristique : guide sur l&rsquo;usage du concept d&rsquo;interpr\u00e9tation (M.-O. de Bary).<\/p>\n<p>Association des Conservateurs du Nord &#8211; Pas de Calais : animation d&rsquo;un s\u00e9minaire et r\u00e9daction d&rsquo;un document de synth\u00e8se pour les partenaires et les \u00e9lus.<\/p>\n<p>Centre d&rsquo;astronomie de Saint-Michel l&rsquo;Observatoire : \u00e9tude de d\u00e9veloppement.<\/p>\n<p>Chambre de M\u00e9tiers de la Haute-Loire : \u00e9tude de d\u00e9finition d&rsquo;une maison de la Pierre.<\/p>\n<p>Communaut\u00e9 de communes de la r\u00e9gion d&rsquo;Audruicq : \u00e9tude de faisabilit\u00e9 d&rsquo;une maison de pays sur le th\u00e8me de la chicor\u00e9e.<\/p>\n<p>Conseil g\u00e9n\u00e9ral de l&rsquo;Aisne : \u00e9tude juridique du projet de valorisation du Familist\u00e8re de Guise.<\/p>\n<p>Conseil g\u00e9n\u00e9ral de la Haute-Loire et DRAC d&rsquo;Auvergne : programme de stages de formation aboutissant \u00e0 la publication d&rsquo;un ouvrage de r\u00e9f\u00e9rence.<\/p>\n<p>Conseil g\u00e9n\u00e9ral de Meurthe-et-Moselle : \u00e9tude de d\u00e9finition pour le ch\u00e2teau de Lun\u00e9ville.<\/p>\n<p>Conseil g\u00e9n\u00e9ral de Vend\u00e9e : \u00e9tude comparative de 15 \u00e9quipements r\u00e9cemment cr\u00e9\u00e9s.<\/p>\n<p>Conseil g\u00e9n\u00e9ral du Lot : \u00e9tude de d\u00e9finition d&rsquo;un plan d&rsquo;interpr\u00e9tation d&rsquo;espaces naturels sensibles.<\/p>\n<p>DEP, minist\u00e8re de la Culture : \u00e9tude sur le poids \u00e9conomique des mus\u00e9es.<\/p>\n<p>DRAC de Picardie : inventaire critique des mus\u00e9es locaux et des lieux d&rsquo;exposition permanents de la r\u00e9gion.<\/p>\n<p>DRAC et Agence r\u00e9gionale du Patrimoine de Picardie : mise en valeur et organisation d&rsquo;un r\u00e9seau des maisons d&rsquo;\u00e9crivains et des lieux de m\u00e9moire litt\u00e9raire.<\/p>\n<p>\u00c9comus\u00e9e de la r\u00e9gion de Fourmies-Tr\u00e9lon en Avesnois : \u00e9tude-perspective pour le d\u00e9veloppement de l&rsquo;offre et des publics.<\/p>\n<p>Forum des Sciences de Villeneuve d&rsquo;Ascq : expertise relative \u00e0 la politique tarifaire de l&rsquo;\u00e9tablissement.<\/p>\n<p>Harcourt : \u00e9tude de faisabilit\u00e9 d&rsquo;un centre d&rsquo;interpr\u00e9tation de l&rsquo;histoire m\u00e9di\u00e9vale normande.<\/p>\n<p>Imprimerie nationale : expertise d&rsquo;un projet de c\u00e9d\u00e9rom.<\/p>\n<p>Minist\u00e8re de la Culture : \u00e9tude sur les \u00ab\u00a0Bassins patrimoniaux\u00a0\u00bb de la r\u00e9gion Basse-Normandie.<\/p>\n<p>Minist\u00e8re de la Culture : \u00e9tude sur la notion d&rsquo;\u00e9quipement culturel \u00ab\u00a0structurant\u00a0\u00bb.<\/p>\n<p>Minist\u00e8re du Tourisme (AFIT\/ODIT France) : \u00e9tude sur la gestion des sites culturels en Europe (7 pays).<\/p>\n<p>Mus\u00e9e-promenade de Marly-Louveciennes : expertise du projet financier du mus\u00e9e.<\/p>\n<p>NordSud : strat\u00e9gie de recherche de financement d&rsquo;une exposition pour le compte de l&rsquo;entreprise.<\/p>\n<p>Observatoire des Politiques culturelles (Grenoble) : pr\u00e9paration d&rsquo;un colloque international et coordination de l&rsquo;ouvrage issu de la conf\u00e9rence.<\/p>\n<p>Office de tourisme du pays d&rsquo;Alen\u00e7on : \u00e9tude de d\u00e9veloppement du tourisme religieux et enqu\u00eate aupr\u00e8s des publics (Lisieux et Alen\u00e7on).<\/p>\n<p>Office r\u00e9gional culturel Champagne-Ardenne et DRAC : animation de groupes de travail, dans la perspective du contrat de plan.<\/p>\n<p>Ville de La Courneuve : audit et perspectives de d\u00e9veloppement de l&rsquo;\u00e9comus\u00e9e des cultures mara\u00eech\u00e8res.<\/p>\n<p>Ville de N\u00e9ris-les-Bains : \u00e9tude de faisabilit\u00e9 pour la mise en valeur du site arch\u00e9ologique de Cheberne.<\/p>\n<p>Ville de Reims (Culture et DRH) : mission d&rsquo;organisation des mus\u00e9es municipaux.<\/p>\n<p>Ville de Sarrebourg : \u00e9tude sc\u00e9nographique de la chapelle des Cordeliers et du vitrail de Chagall.<\/p>\n<p>Wambrechies : \u00e9tude d&rsquo;un projet culturel et touristique autour d&rsquo;une distillerie.<\/p>\n<p>&nbsp;<\/p>\n<h2>Publics de la culture et du tourisme culturel<a name=\"pubcultu\"><\/a><\/h2>\n<p>&nbsp;<\/p>\n<p>Cit\u00e9 de l&rsquo;Architecture et du Patrimoine\u00a0: \u00e9tudes des publics.<\/p>\n<p>Comit\u00e9 d\u00e9partemental du tourisme de la C\u00f4te d&rsquo;Or : enqu\u00eate sur la client\u00e8le des mus\u00e9es et des monuments du d\u00e9partement.<\/p>\n<p>Conseil g\u00e9n\u00e9ral des Alpes de Haute-Provence : \u00e9tude de fr\u00e9quentation et d&rsquo;exploitation pr\u00e9visionnelle du mus\u00e9e de Pr\u00e9histoire des Gorges du Verdon.<\/p>\n<p>Conseil Loisirs Europe : \u00e9tude qualitative et quantitative des publics potentiels d&rsquo;un lieu d&rsquo;interpr\u00e9tation et d&rsquo;animation dans le Limousin.<\/p>\n<p>DAPA, minist\u00e8re de la Culture : \u00e9tude nationale des publics des villes et pays d&rsquo;art et d&rsquo;histoire.<\/p>\n<p>DEP et DLL, minist\u00e8re de la Culture : \u00e9tude sur les publics et les utilisations du patrimoine \u00e9crit des biblioth\u00e8ques municipales.<\/p>\n<p>Direction du Patrimoine, minist\u00e8re de la Culture : \u00e9tude qualitative du public du Domaine de Chambord.<\/p>\n<p>Mus\u00e9e du Louvre : \u00e9tude qualitative des publics potentiels du d\u00e9partement des Arts de l&rsquo;Islam et cartographie des r\u00e9seaux de partenaires.<\/p>\n<p>Radio France Internationale : \u00e9tudes qualitatives et quantitatives des auditoires.<\/p>\n<p>R\u00e9union des mus\u00e9es nationaux : \u00e9tude des visiteurs d&rsquo;une exposition \u00e0 Tours.<\/p>\n<p>Ville de Blagnac : enqu\u00eate aupr\u00e8s des usagers du conservatoire de musique et de danse.<\/p>\n<p>Ville de Castres : \u00e9tude des publics et d&rsquo;impact du mus\u00e9e Goya.<\/p>\n<p>Ville de Nantes : \u00e9tude des publics du ch\u00e2teau des Ducs de Bretagne.<\/p>\n<p>Ville de Saint-Paul-Trois-Ch\u00e2teaux : \u00e9tude des publics et d&rsquo;impact \u00e9conomique du\u00a0mus\u00e9e.<\/p>\n","protected":false},"excerpt":{"rendered":"<p>Politiques culturelles &nbsp; Agence R\u00e9gionale du Patrimoine de Picardie (ARRP) : audit des ressources humaines et r\u00e9organisation de la structure. Commission europ\u00e9enne (DG V) : expertise concernant la cr\u00e9ation d&#8217;emplois dans les mus\u00e9es en Europe (Projet NEMUS). Communaut\u00e9 d&rsquo;agglom\u00e9ration de Saint-\u00c9tienne M\u00e9tropole : \u00e9tude d&rsquo;opportunit\u00e9 et de positionnement en vue de l&rsquo;adoption d&rsquo;une comp\u00e9tence culturelle [&hellip;]<\/p>\n","protected":false},"author":2,"featured_media":0,"parent":3920,"menu_order":0,"comment_status":"closed","ping_status":"closed","template":"","meta":{"footnotes":""},"class_list":["post-3929","page","type-page","status-publish","hentry"],"_links":{"self":[{"href":"https:\/\/www.option-culture.com\/index.php?rest_route=\/wp\/v2\/pages\/3929","targetHints":{"allow":["GET"]}}],"collection":[{"href":"https:\/\/www.option-culture.com\/index.php?rest_route=\/wp\/v2\/pages"}],"about":[{"href":"https:\/\/www.option-culture.com\/index.php?rest_route=\/wp\/v2\/types\/page"}],"author":[{"embeddable":true,"href":"https:\/\/www.option-culture.com\/index.php?rest_route=\/wp\/v2\/users\/2"}],"replies":[{"embeddable":true,"href":"https:\/\/www.option-culture.com\/index.php?rest_route=%2Fwp%2Fv2%2Fcomments&post=3929"}],"version-history":[{"count":4,"href":"https:\/\/www.option-culture.com\/index.php?rest_route=\/wp\/v2\/pages\/3929\/revisions"}],"predecessor-version":[{"id":4084,"href":"https:\/\/www.option-culture.com\/index.php?rest_route=\/wp\/v2\/pages\/3929\/revisions\/4084"}],"up":[{"embeddable":true,"href":"https:\/\/www.option-culture.com\/index.php?rest_route=\/wp\/v2\/pages\/3920"}],"wp:attachment":[{"href":"https:\/\/www.option-culture.com\/index.php?rest_route=%2Fwp%2Fv2%2Fmedia&parent=3929"}],"curies":[{"name":"wp","href":"https:\/\/api.w.org\/{rel}","templated":true}]}}