{"id":2,"date":"2009-07-22T21:40:32","date_gmt":"2009-07-22T19:40:32","guid":{"rendered":"http:\/\/blog.option.culture.marrot.org\/?page_id=2"},"modified":"2023-11-20T10:04:47","modified_gmt":"2023-11-20T08:04:47","slug":"a-propos","status":"publish","type":"page","link":"https:\/\/www.option-culture.com\/?page_id=2","title":{"rendered":"A propos"},"content":{"rendered":"<p style=\"text-align: justify;\">Ce site est anim\u00e9 par Jean-Michel TOBELEM, docteur en gestion, habilit\u00e9 \u00e0 diriger des recherches, dipl\u00f4m\u00e9 de l&rsquo;Institut d&rsquo;\u00e9tudes politiques de Paris et d&rsquo;\u00e9tudes sup\u00e9rieures de droit public, laur\u00e9at de la bourse Lavoisier du minist\u00e8re des Affaires \u00e9trang\u00e8res, enseignant \u00e0 l&rsquo;\u00c9cole du Louvre ainsi que dans plusieurs universit\u00e9s et \u00e9coles de commerce, directeur d&rsquo;Option Culture (cf. <em>infra<\/em>).<\/p>\n<p style=\"text-align: justify;\">Il est professeur associ\u00e9 \u00e0 l&rsquo;universit\u00e9 Paris 1 Panth\u00e9on-Sorbonne et enseignant \u00e0 l&rsquo;Ecole du Louvre.<\/p>\n<p style=\"text-align: justify;\">Auteur de nombreuses publications, il dirige la collection <a href=\"http:\/\/www.editions-harmattan.fr\/index.asp?navig=catalogue&amp;obj=collection&amp;no=442\">\u00ab\u00a0Gestion de la culture et du secteur non lucratif\u00a0\u00bb<\/a> chez l&rsquo;Harmattan.<\/p>\n<p style=\"text-align: justify;\">Cet espace a pour vocation d&rsquo;aborder des sujets relatifs \u00e0 la gestion, \u00e0 la strat\u00e9gie, au financement, au marketing, \u00e0 l&rsquo;organisation et au d\u00e9veloppement des sites culturels (mus\u00e9es, monuments, centres d&rsquo;interpr\u00e9tation, sites arch\u00e9ologiques, etc.) et du secteur culturel en g\u00e9n\u00e9ral.<\/p>\n<p style=\"text-align: justify;\">Il accueille volontiers les commentaires des Internautes !<\/p>\n<p style=\"text-align: justify;\">Une pr\u00e9sentation d\u00e9taill\u00e9e de nos travaux (\u00e9tudes, recherches, interventions, publications&#8230;) figure sur ce site.<\/p>\n<p><strong>OPTION CULTURE<\/strong> accompagne depuis plus de vingt ans les collectivit\u00e9s publiques et les organisations culturelles dans les d\u00e9marches strat\u00e9giques et la conduite du changement, pour :<\/p>\n<ul>\n<li>\u00c9largir les publics des structures culturelles<\/li>\n<li>S\u2019appuyer sur la culture afin de renforcer l\u2019attractivit\u00e9 des territoires<\/li>\n<li>Aider les responsables d\u2019\u00e9tablissement \u00e0 s\u2019inscrire dans une d\u00e9marche strat\u00e9gique<\/li>\n<li>Trouver de nouvelles ressources pour les projets culturels<\/li>\n<li>Tirer partie des bonnes pratiques et des facteurs cl\u00e9s de r\u00e9ussite<\/li>\n<\/ul>\n<p><strong>OPTION CULTURE<\/strong> intervient &#8211; gr\u00e2ce \u00e0 un r\u00e9seau d&rsquo;experts et de sp\u00e9cialistes &#8211; dans les domaines suivants :<\/p>\n<ul>\n<li>d\u00e9veloppement, organisation, gestion, marketing et financement des institutions, \u00e9v\u00e9nements et \u00e9quipements culturels<\/li>\n<li>d\u00e9finition, mise en \u0153uvre et \u00e9valuation de politiques culturelles, de projets de territoire et de productions culturelles<\/li>\n<li>\u00e9tude (qualitative et quantitative) des publics de la culture et du tourisme culturel<\/li>\n<\/ul>\n<p>Les <strong>outils <\/strong>: \u00e9tude, conseil, accompagnement, formation, concertation, assistance\u2026<\/p>\n<p><span style=\"color: #ff6600;\"><strong>Contact<\/strong><\/span><\/p>\n<p><strong><span style=\"color: #000080;\"><a href=\"mailto:option.culture@wanadoo.fr\"><span style=\"color: #000080;\">option.culture@wanadoo.fr<\/span><\/a> <\/span><\/strong><\/p>\n<p><em>Merci \u00e0 Lo\u00efc pour ce blog.<br \/>\n<\/em><\/p>\n","protected":false},"excerpt":{"rendered":"<p>Ce site est anim\u00e9 par Jean-Michel TOBELEM, docteur en gestion, habilit\u00e9 \u00e0 diriger des recherches, dipl\u00f4m\u00e9 de l&rsquo;Institut d&rsquo;\u00e9tudes politiques de Paris et d&rsquo;\u00e9tudes sup\u00e9rieures de droit public, laur\u00e9at de la bourse Lavoisier du minist\u00e8re des Affaires \u00e9trang\u00e8res, enseignant \u00e0 l&rsquo;\u00c9cole du Louvre ainsi que dans plusieurs universit\u00e9s et \u00e9coles de commerce, directeur d&rsquo;Option Culture [&hellip;]<\/p>\n","protected":false},"author":1,"featured_media":0,"parent":0,"menu_order":0,"comment_status":"closed","ping_status":"closed","template":"","meta":{"footnotes":""},"class_list":["post-2","page","type-page","status-publish","hentry"],"_links":{"self":[{"href":"https:\/\/www.option-culture.com\/index.php?rest_route=\/wp\/v2\/pages\/2","targetHints":{"allow":["GET"]}}],"collection":[{"href":"https:\/\/www.option-culture.com\/index.php?rest_route=\/wp\/v2\/pages"}],"about":[{"href":"https:\/\/www.option-culture.com\/index.php?rest_route=\/wp\/v2\/types\/page"}],"author":[{"embeddable":true,"href":"https:\/\/www.option-culture.com\/index.php?rest_route=\/wp\/v2\/users\/1"}],"replies":[{"embeddable":true,"href":"https:\/\/www.option-culture.com\/index.php?rest_route=%2Fwp%2Fv2%2Fcomments&post=2"}],"version-history":[{"count":42,"href":"https:\/\/www.option-culture.com\/index.php?rest_route=\/wp\/v2\/pages\/2\/revisions"}],"predecessor-version":[{"id":7862,"href":"https:\/\/www.option-culture.com\/index.php?rest_route=\/wp\/v2\/pages\/2\/revisions\/7862"}],"wp:attachment":[{"href":"https:\/\/www.option-culture.com\/index.php?rest_route=%2Fwp%2Fv2%2Fmedia&parent=2"}],"curies":[{"name":"wp","href":"https:\/\/api.w.org\/{rel}","templated":true}]}}